{"id":1087,"date":"2017-09-07T10:06:48","date_gmt":"2017-09-07T10:06:48","guid":{"rendered":"http:\/\/hispanolaval.com\/fr\/?page_id=1087"},"modified":"2025-09-12T23:36:31","modified_gmt":"2025-09-12T23:36:31","slug":"cours-espagnol","status":"publish","type":"page","link":"https:\/\/hispanolaval.com\/fr\/cours-espagnol\/","title":{"rendered":"Cours d&#8217;espagnol \u00e0 distance 2025 (Automne)"},"content":{"rendered":"<p><em><strong style=\"color: #000000; font-family: Montserrat, sans-serif; font-size: 1.125em; text-transform: uppercase;\">inscription<\/strong><\/em><\/p>\n<h4><strong><em>L&#8217;inscription \u00e0 nos cours d&#8217;espagnol de niveau 1, 2 ou 3 vous permet d&#8217;\u00e9changer \u00e0 l&#8217;ext\u00e9rieur des cours avec des individus de la langue espagnol tel que nos <a href=\"https:\/\/hispanolaval.com\/fr\/category\/atelier\/\" target=\"_blank\" rel=\"noopener noreferrer\">intercambio linguistico <\/a>qui ont lieu tous les samedis matin.<\/em><\/strong><br \/>\n<strong><em>Les enseignants sont qualifi\u00e9s et de langue maternelle espagnole.<\/em><\/strong><\/h4>\n<h3><em><strong>DUR\u00c9E<\/strong><\/em><\/h3>\n<h4><em><strong>10 semaines \/ 20 heures de cours<\/strong><\/em><\/h4>\n<h3><strong><em>Prix<\/em><\/strong><\/h3>\n<h4><em><strong>Cours 190 $.<\/strong><\/em><br \/>\n<em><strong>Manuel: 1er, 2e et 3e niveau 25$ selon votre fournisseur.<\/strong><\/em><\/h4>\n<h3><strong><em>Lieu<\/em><\/strong><\/h3>\n<h4><em><strong>Les cours se donnent par video conf\u00e9rence (ZOOM).<\/strong><\/em><\/h4>\n<h3><strong><em><span class=\"text_exposed_show\">Cliquez le mot\u00a0S&#8217;INSCRIRE ci-dessous pour indiquer votre choix de cours.\u00a0<\/span><\/em><\/strong><\/h3>\n<h3><a id=\"#niveaux\"><\/a><em>TROIS niveaux de cours sont \u00e0 votre disposition:<\/em><\/h3>\n<ol>\n<li><em><strong>COURS D&#8217;ESPAGNOL NIVEAU 1 \u2013 <a href=\"https:\/\/hispanolaval.com\/fr\/shop\/cours-niveau-1-distance\/\"><span style=\"color: #3366ff;\"><span style=\"color: #3366ff;\">D\u00c9BUTANT \u2013 S&#8217;INSCRIRE\u00a0<\/span><\/span><br \/>\n<\/a><span class=\"text_exposed_show\">Les mardis, \u00e0 partir du 7 octobre 2025, de 18 h \u00e0 19 h 30 &#8211; <a href=\"https:\/\/docs.google.com\/document\/u\/1\/d\/e\/2PACX-1vR4iY1fTYNZx2l_u0q2wi9Xq_uFIeMkuKnPeEZKhVpNOC0Zi9MjA4umONasRd8KaYu9NGSb5Fro7xlN\/pub\">Contenu du cours niveau 1<\/a><br \/>\nPour plus d\u2019information ou pour vous inscrire, contacter au <a href=\"https:\/\/hangouts.google.com\/?action=chat&amp;pn=%2B15142222563&amp;hl=en_GB&amp;authuser=0\" target=\"_blank\" rel=\"noopener noreferrer\"><span dir=\"ltr\" data-tooltip=\"Call phone (+15142222563)\" aria-label=\"Call phone (+15142222563)\">514 447-9984<\/span><\/a><br \/>\n<\/span><\/strong><\/em><\/li>\n<li><em><strong>COURS D&#8217;ESPAGNOL NIVEAU 2 \u2013\u00a0<span style=\"color: #3366ff;\">INTERM\u00c9DIAIRE \u2013<\/span><a href=\"http:\/\/hispanolaval.com\/fr\/cours-niveau-2\/\"><span style=\"color: #3366ff;\">\u00a0S&#8217;INSCRIRE<\/span><br \/>\n<\/a><span class=\"text_exposed_show\">Les mercredis, \u00e0 partir du 7 octobre 2025, de 18 h \u00e0 19 h 00 &#8211; <a href=\"https:\/\/docs.google.com\/document\/u\/1\/d\/e\/2PACX-1vRxjblGMGOewfhp25YmuM_q_0EetKkVVOQSW_CeX-J5B3VESioQFaCobwIQyXh9exAKF4mjHa1m5F88\/pub\">Contenu du cours niveau 2<\/a><br \/>\n<\/span><span class=\"text_exposed_show\">Pour plus d\u2019information ou pour vous inscrire, contacter au <a href=\"https:\/\/hangouts.google.com\/?action=chat&amp;pn=%2B15142222563&amp;hl=en_GB&amp;authuser=0\" target=\"_blank\" rel=\"noopener noreferrer\"><span dir=\"ltr\" data-tooltip=\"Call phone (+15142222563)\" aria-label=\"Call phone (+15142222563)\">514 447-9984<\/span><\/a>\u00a0<\/span><br \/>\n<\/strong><\/em><\/li>\n<li><em><strong>COURS D&#8217;ESPAGNOL NIVEAU 3 \u2013\u00a0<span style=\"color: #3366ff;\"><u>AVANC\u00c9 \u2013<\/u><\/span><a href=\"https:\/\/hispanolaval.com\/fr\/?post_type=product&#038;p=3278\"><span style=\"color: #3366ff;\">\u00a0S&#8217;INSCRIRE<\/span><br \/>\n<\/a><span class=\"text_exposed_show\">Les jeudis, \u00e0 partir du 7 octobre 2025, de 18 h \u00e0 19 h 00 &#8211; <a href=\"https:\/\/docs.google.com\/document\/d\/e\/2PACX-1vQEVphh4ozlA_bVWp50AumXsmtJihSrXtfNLiAVzNJmi2-01togkAErTZIt6HY_0adR62zktqtYPEBV\/pub\">Contenu du cours niveau 3<\/a><br \/>\n<\/span><span class=\"text_exposed_show\">Pour plus d\u2019information ou pour vous inscrire, contacter au <a href=\"https:\/\/hangouts.google.com\/?action=chat&amp;pn=%2B15142222563&amp;hl=en_GB&amp;authuser=0\" target=\"_blank\" rel=\"noopener noreferrer\"><span dir=\"ltr\" data-tooltip=\"Call phone (+15142222563)\" aria-label=\"Call phone (+15142222563)\">514 447-9984<\/span><\/a> \u00a0<\/span><\/strong><br \/>\n<\/em><\/li>\n<\/ol>\n<h4><strong><em>L\u2019horaire peut changer et un minimum de 5 \u00e9tudiants est requis.<\/em><\/strong><\/h4>\n<h3><em><strong>Foire aux questions<\/strong><\/em><\/h3>\n<p>Vous trouverez ici les <a href=\"https:\/\/hispanolaval.com\/fr\/foire-aux-questions-cours-despagnol\/\">r\u00e9ponses aux questions<\/a> souvent pos\u00e9es.<\/p>\n","protected":false},"excerpt":{"rendered":"<p>inscription L&#8217;inscription \u00e0 nos cours d&#8217;espagnol de niveau 1, 2 ou 3 vous permet d&#8217;\u00e9changer \u00e0 l&#8217;ext\u00e9rieur des cours avec des individus de la langue espagnol tel que nos intercambio linguistico qui ont lieu tous les samedis matin. Les enseignants sont qualifi\u00e9s et de langue maternelle espagnole. DUR\u00c9E 10 semaines \/ 20 heures de cours [&hellip;]<\/p>\n","protected":false},"author":1,"featured_media":4697,"parent":0,"menu_order":0,"comment_status":"closed","ping_status":"closed","template":"","meta":{"_monsterinsights_skip_tracking":false,"_monsterinsights_sitenote_active":false,"_monsterinsights_sitenote_note":"","_monsterinsights_sitenote_category":0,"footnotes":""},"class_list":["post-1087","page","type-page","status-publish","has-post-thumbnail","hentry"],"_links":{"self":[{"href":"https:\/\/hispanolaval.com\/fr\/wp-json\/wp\/v2\/pages\/1087","targetHints":{"allow":["GET"]}}],"collection":[{"href":"https:\/\/hispanolaval.com\/fr\/wp-json\/wp\/v2\/pages"}],"about":[{"href":"https:\/\/hispanolaval.com\/fr\/wp-json\/wp\/v2\/types\/page"}],"author":[{"embeddable":true,"href":"https:\/\/hispanolaval.com\/fr\/wp-json\/wp\/v2\/users\/1"}],"replies":[{"embeddable":true,"href":"https:\/\/hispanolaval.com\/fr\/wp-json\/wp\/v2\/comments?post=1087"}],"version-history":[{"count":205,"href":"https:\/\/hispanolaval.com\/fr\/wp-json\/wp\/v2\/pages\/1087\/revisions"}],"predecessor-version":[{"id":5061,"href":"https:\/\/hispanolaval.com\/fr\/wp-json\/wp\/v2\/pages\/1087\/revisions\/5061"}],"wp:featuredmedia":[{"embeddable":true,"href":"https:\/\/hispanolaval.com\/fr\/wp-json\/wp\/v2\/media\/4697"}],"wp:attachment":[{"href":"https:\/\/hispanolaval.com\/fr\/wp-json\/wp\/v2\/media?parent=1087"}],"curies":[{"name":"wp","href":"https:\/\/api.w.org\/{rel}","templated":true}]}}