{"id":1090,"date":"2017-09-07T10:06:48","date_gmt":"2017-09-07T10:06:48","guid":{"rendered":"http:\/\/hispanolaval.com\/fr\/cours-despagnol-2017\/?lang=es"},"modified":"2023-11-30T19:45:49","modified_gmt":"2023-11-30T19:45:49","slug":"cursos-espanol","status":"publish","type":"page","link":"https:\/\/hispanolaval.com\/fr\/cursos-espanol\/?lang=es","title":{"rendered":"Cursos de espa\u00f1ol a distancia 2024 (Invierno)"},"content":{"rendered":"<h3>INSCRIPCI\u00d3N<\/h3>\n<p><em><strong>Inscribirse en nuestras clases de espa\u00f1ol tambi\u00e9n te permite practicar espa\u00f1ol en nuestros\u00a0<a title=\"Intercambio Ling\u00fc\u00edstico AHL Taller gratuito\" href=\"http:\/\/hispanolaval.com\/fr\/2016\/09\/10\/intercambio-linguistico-ahl\/?lang=es\">Talleres de Intercambio Ling\u00fc\u00edstico<\/a> que tienen lugar todos los s\u00e1bados por la ma\u00f1ana. La singularidad de nuestra escuela le permite optimizar su aprendizaje del idioma espa\u00f1ol. Los maestros son hispanohablantes calificados y nativos.<\/strong><\/em><\/p>\n<h3>DURACI\u00d3N<\/h3>\n<p>10 semanas \/ 20 horas de clases<\/p>\n<h3>Precio<\/h3>\n<div id=\"gt-res-c\" class=\"g-unit\">\n<div id=\"gt-res-p\">\n<div id=\"gt-res-data\">\n<div id=\"gt-res-wrap\">\n<div id=\"gt-res-content\">\n<p id=\"gt-res-dir-ctr\" class=\"trans-verified-button-small\" dir=\"ltr\"><em><strong><span id=\"result_box\" class=\"\" lang=\"es\">Curso $ 170.<br \/>\nManual: 1er, 2do y 3er. nivel, $ 25 dependiendo de donde lo compres<\/span><\/strong><\/em><\/p>\n<h3 class=\"trans-verified-button-small\" dir=\"ltr\"><span id=\"result_box\" class=\"\" lang=\"es\"><span class=\"\">LUGAR<\/span><\/span><\/h3>\n<p class=\"trans-verified-button-small\" dir=\"ltr\"><em><strong><span id=\"result_box\" class=\"\" lang=\"es\"><span class=\"\">Las clases se llevar\u00e1n a cabo en linea por ZOOM.<\/span><\/span><\/strong><\/em><\/p>\n<p class=\"trans-verified-button-small\" dir=\"ltr\"><em><strong><span style=\"font-size: 1em;\">Haga clic en la palabra <\/span>INSCRIBIRSE<span style=\"font-size: 1em;\"> abajo para indicar su elecci\u00f3n de curso.<\/span><\/strong><\/em><\/p>\n<\/div>\n<\/div>\n<\/div>\n<\/div>\n<\/div>\n<p><em><strong>Para obtener m\u00e1s informaci\u00f3n comun\u00edquese al <span class=\"text_exposed_show\"><a href=\"https:\/\/hangouts.google.com\/?action=chat&amp;pn=%2B15142222563&amp;hl=en_GB&amp;authuser=0\" target=\"_blank\" rel=\"noopener noreferrer\"><span dir=\"ltr\" data-tooltip=\"Call phone (+15142222563)\" aria-label=\"Call phone (+15142222563)\">514 447-9984<\/span><\/a><\/span>.<\/strong><\/em><\/p>\n<h3>NIVELES DE CURSO A SU DISPOSICI\u00d3N:<\/h3>\n<ol>\n<li style=\"list-style-type: none;\">\n<ol>\n<li style=\"padding-left: 30px;\"><strong><em>CURSOS DE ESPA\u00d1OL NIVEL 1 &#8211; <span style=\"color: #3366ff;\"><a style=\"color: #3366ff;\" href=\"https:\/\/hispanolaval.com\/fr\/shop\/cours-niveau-1-distance\/?lang=es\">PRINCIPIANTE &#8211; INSCRIBIRSE\u00a0<\/a>&#8211; <\/span><a style=\"text-decoration-line: underline;\" href=\"https:\/\/docs.google.com\/document\/d\/e\/2PACX-1vR4iY1fTYNZx2l_u0q2wi9Xq_uFIeMkuKnPeEZKhVpNOC0Zi9MjA4umONasRd8KaYu9NGSb5Fro7xlN\/pub\">detalles en franc\u00e9s nivel 1<\/a><\/em><\/strong><br \/>\n<strong><em>Los martes, a partir del 16 de enero 2024; de 6 a\u00a0 8 pm.<\/em><\/strong><br \/>\n<strong><em><span class=\"text_exposed_show\">Para mas detalles contactar al <a href=\"https:\/\/hangouts.google.com\/?action=chat&amp;pn=%2B15142222563&amp;hl=en_GB&amp;authuser=0\" target=\"_blank\" rel=\"noopener noreferrer\"><span dir=\"ltr\" data-tooltip=\"Call phone (+15142222563)\" aria-label=\"Call phone (+15142222563)\">514 447-9984<\/span><\/a><\/span><\/em><\/strong><\/li>\n<li style=\"padding-left: 30px;\"><strong><em>CURSOS DE ESPA\u00d1OL NIVEL 2 &#8211; <span style=\"color: #3366ff;\"><a style=\"color: #3366ff;\" href=\"https:\/\/hispanolaval.com\/fr\/shop\/cours-niveau-2-distance\/?lang=es\">INTERMEDIO &#8211; INSCRIBIRSE<\/a><\/span>\u00a0&#8211;\u00a0<a style=\"font-size: 1em;\" href=\"https:\/\/docs.google.com\/document\/d\/e\/2PACX-1vRxjblGMGOewfhp25YmuM_q_0EetKkVVOQSW_CeX-J5B3VESioQFaCobwIQyXh9exAKF4mjHa1m5F88\/pub\">detalles en franc\u00e9s nivel 2<\/a><\/em><\/strong><br \/>\n<strong><em>Los mi\u00e9rcoles, a partir del 17 de enero 2024; de 6 a 8 pm.<\/em><\/strong><br \/>\n<strong><em><span class=\"text_exposed_show\">Para mas detalles contactar al <a style=\"text-decoration-line: underline;\" href=\"https:\/\/hangouts.google.com\/?action=chat&amp;pn=%2B15142222563&amp;hl=en_GB&amp;authuser=0\" target=\"_blank\" rel=\"noopener noreferrer\"><span dir=\"ltr\" data-tooltip=\"Call phone (+15142222563)\" aria-label=\"Call phone (+15142222563)\">514 447-9984<\/span><\/a>.\u00a0<\/span><\/em><\/strong><\/li>\n<li style=\"padding-left: 30px;\"><strong><em>CURSOS DE ESPA\u00d1OL NIVEL 3 \u2013\u00a0<span style=\"color: #3366ff;\"><a style=\"color: #3366ff;\" href=\"https:\/\/hispanolaval.com\/fr\/?post_type=product&#038;p=3278\">AVANZADOS &#8211; INSCRIBIRSE<\/a><\/span><\/em><\/strong><br \/>\n<strong><em><span class=\"text_exposed_show\">Los jueves a partir del 18 de enero 2024; de 6 a\u00a0 8 pm.\u00a0 \u2013 <a href=\"https:\/\/docs.google.com\/document\/d\/e\/2PACX-1vQEVphh4ozlA_bVWp50AumXsmtJihSrXtfNLiAVzNJmi2-01togkAErTZIt6HY_0adR62zktqtYPEBV\/pub\">detalles en franc\u00e9s nivel 3<\/a><br \/>\n<\/span><span class=\"text_exposed_show\">Para mas detalles contactar al <a style=\"text-decoration-line: underline;\" href=\"https:\/\/hangouts.google.com\/?action=chat&amp;pn=%2B15142222563&amp;hl=en_GB&amp;authuser=0\" target=\"_blank\" rel=\"noopener noreferrer\"><span dir=\"ltr\" data-tooltip=\"Call phone (+15142222563)\" aria-label=\"Call phone (+15142222563)\">514 447-9984<\/span><\/a>.\u00a0<\/span><\/em><\/strong><\/li>\n<\/ol>\n<\/li>\n<\/ol>\n<h5><em><strong>El horario puede cambiar y se requiere un m\u00ednimo de 6 estudiantes.<\/strong><\/em><\/h5>\n<h3><strong>Preguntas frecuentes<\/strong><\/h3>\n<p>Aqu\u00ed encontrar\u00e1 respuestas a\u00a0<a href=\"https:\/\/hispanolaval.com\/fr\/foire-aux-questions-cours-despagnol\/?lang=es\">preguntas frecuentes (franc\u00e9s).<\/a><\/p>\n","protected":false},"excerpt":{"rendered":"<p>INSCRIPCI\u00d3N Inscribirse en nuestras clases de espa\u00f1ol tambi\u00e9n te permite practicar espa\u00f1ol en nuestros\u00a0Talleres de Intercambio Ling\u00fc\u00edstico que tienen lugar todos los s\u00e1bados por la ma\u00f1ana. La singularidad de nuestra escuela le permite optimizar su aprendizaje del idioma espa\u00f1ol. Los maestros son hispanohablantes calificados y nativos. DURACI\u00d3N 10 semanas \/ 20 horas de clases Precio [&hellip;]<\/p>\n","protected":false},"author":1,"featured_media":4699,"parent":0,"menu_order":0,"comment_status":"closed","ping_status":"closed","template":"","meta":{"_monsterinsights_skip_tracking":false,"_monsterinsights_sitenote_active":false,"_monsterinsights_sitenote_note":"","_monsterinsights_sitenote_category":0,"footnotes":""},"class_list":["post-1090","page","type-page","status-publish","has-post-thumbnail","hentry"],"_links":{"self":[{"href":"https:\/\/hispanolaval.com\/fr\/wp-json\/wp\/v2\/pages\/1090","targetHints":{"allow":["GET"]}}],"collection":[{"href":"https:\/\/hispanolaval.com\/fr\/wp-json\/wp\/v2\/pages"}],"about":[{"href":"https:\/\/hispanolaval.com\/fr\/wp-json\/wp\/v2\/types\/page"}],"author":[{"embeddable":true,"href":"https:\/\/hispanolaval.com\/fr\/wp-json\/wp\/v2\/users\/1"}],"replies":[{"embeddable":true,"href":"https:\/\/hispanolaval.com\/fr\/wp-json\/wp\/v2\/comments?post=1090"}],"version-history":[{"count":147,"href":"https:\/\/hispanolaval.com\/fr\/wp-json\/wp\/v2\/pages\/1090\/revisions"}],"predecessor-version":[{"id":4671,"href":"https:\/\/hispanolaval.com\/fr\/wp-json\/wp\/v2\/pages\/1090\/revisions\/4671"}],"wp:featuredmedia":[{"embeddable":true,"href":"https:\/\/hispanolaval.com\/fr\/wp-json\/wp\/v2\/media\/4699"}],"wp:attachment":[{"href":"https:\/\/hispanolaval.com\/fr\/wp-json\/wp\/v2\/media?parent=1090"}],"curies":[{"name":"wp","href":"https:\/\/api.w.org\/{rel}","templated":true}]}}