{"id":1155,"date":"2016-11-16T02:30:40","date_gmt":"2016-11-16T02:30:40","guid":{"rendered":"http:\/\/hispanolaval.com\/fr\/?page_id=1155"},"modified":"2017-08-08T01:44:03","modified_gmt":"2017-08-08T01:44:03","slug":"foire-aux-questions-cours-despagnol","status":"publish","type":"page","link":"https:\/\/hispanolaval.com\/fr\/foire-aux-questions-cours-despagnol\/","title":{"rendered":"Foire aux questions &#8211; Cours d&#8217;espagnol"},"content":{"rendered":"<ul>\n<li>\n<h3>Combien de sessions pour un cours complet ?<\/h3>\n<ul>\n<li>AHL Notre cours se divise en trois ( 3 ) sessions.<\/li>\n<\/ul>\n<\/li>\n<li>\n<h3>Combien de temps dure une session de cours ?<\/h3>\n<ul>\n<li>AHL Une (1) session s&#8217;\u00e9chelonne sur dix (10) semaines de cours \u00e0 raison de deux (2) heures par semaine pour un total de vingt ( 20) heures de cours.<\/li>\n<\/ul>\n<\/li>\n<li>\n<h3>Quels sont les volumes utilis\u00e9s pour les cours ?<\/h3>\n<ul>\n<li>AHL Nous utilisons le livre &#8221;Nuevo Ven 1 &#8221; et son cahier d&#8217;exercices assorti.<\/li>\n<\/ul>\n<\/li>\n<li>\n<h3>Est-ce que je parlerai espagnol apr\u00e8s mes trois (3) sessions ?<\/h3>\n<ul>\n<li>AHL Vous aurez suffisamment de connaissances mais VOTRE rigueur \u00e0 l&#8217;\u00e9tude de cette langue en fera un succ\u00e8s.<\/li>\n<\/ul>\n<\/li>\n<li>\n<h3>Quels sont les co\u00fbts ?<\/h3>\n<ul>\n<li>AHL Les frais de cours sont payables \u00e0 chaque d\u00e9but de session ( obtenez plus de d\u00e9tails sur notre site internet au <a href=\"https:\/\/hispanolaval.com\/fr\/category\/cours\/\">www.hispanolaval.com \/ cours d&#8217;espagnol<\/a> ).<\/li>\n<\/ul>\n<\/li>\n<li>\n<h3>La carte de membres est-elle obligatoire pour suivre les cours \u00e0 votre Association ?<\/h3>\n<ul>\n<li>OUI. Elle est valide pour une dur\u00e9e de un (1) an.<\/li>\n<\/ul>\n<\/li>\n<li>\n<h3>Quand d\u00e9butent les cours ? Comment puis-je m&#8217;inscrire ?<\/h3>\n<ul>\n<li>* Il est IMPORTANT de consulter l&#8217;horaire des cours sur notre site internet (<a href=\"http:\/\/hispanolaval.com\/fr\/\">www.hispanolaval.com<\/a>). Il n&#8217;y a PAS DE SESSION DE COURS DURANT L&#8217;\u00c9T\u00c9.<br \/>\n* Vous pouvez effectuer votre paiement lors de la soir\u00e9e d&#8217;inscription ou\u00a0\u00a0l&#8217;acheminer par la poste avec le formulaire d&#8217;inscription de membres.<br \/>\nVous pouvez communiquer avec nous en tout temps par courriel<br \/>\ninfo@hispanolaval.com par t\u00e9l\u00e9phone (514) 447-9984 ou\u00a0<span class=\"text_exposed_show\">450-682-1219.<\/span><\/li>\n<\/ul>\n<\/li>\n<\/ul>\n","protected":false},"excerpt":{"rendered":"<p>Combien de sessions pour un cours complet ? AHL Notre cours se divise en trois ( 3 ) sessions. Combien de temps dure une session de cours ? AHL Une (1) session s&#8217;\u00e9chelonne sur dix (10) semaines de cours \u00e0 raison de deux (2) heures par semaine pour un total de vingt ( 20) heures [&hellip;]<\/p>\n","protected":false},"author":1,"featured_media":0,"parent":0,"menu_order":0,"comment_status":"closed","ping_status":"closed","template":"","meta":{"_monsterinsights_skip_tracking":false,"_monsterinsights_sitenote_active":false,"_monsterinsights_sitenote_note":"","_monsterinsights_sitenote_category":0,"footnotes":""},"class_list":["post-1155","page","type-page","status-publish","hentry"],"_links":{"self":[{"href":"https:\/\/hispanolaval.com\/fr\/wp-json\/wp\/v2\/pages\/1155","targetHints":{"allow":["GET"]}}],"collection":[{"href":"https:\/\/hispanolaval.com\/fr\/wp-json\/wp\/v2\/pages"}],"about":[{"href":"https:\/\/hispanolaval.com\/fr\/wp-json\/wp\/v2\/types\/page"}],"author":[{"embeddable":true,"href":"https:\/\/hispanolaval.com\/fr\/wp-json\/wp\/v2\/users\/1"}],"replies":[{"embeddable":true,"href":"https:\/\/hispanolaval.com\/fr\/wp-json\/wp\/v2\/comments?post=1155"}],"version-history":[{"count":6,"href":"https:\/\/hispanolaval.com\/fr\/wp-json\/wp\/v2\/pages\/1155\/revisions"}],"predecessor-version":[{"id":1453,"href":"https:\/\/hispanolaval.com\/fr\/wp-json\/wp\/v2\/pages\/1155\/revisions\/1453"}],"wp:attachment":[{"href":"https:\/\/hispanolaval.com\/fr\/wp-json\/wp\/v2\/media?parent=1155"}],"curies":[{"name":"wp","href":"https:\/\/api.w.org\/{rel}","templated":true}]}}