{"id":255,"date":"2016-09-30T23:00:21","date_gmt":"2016-09-30T23:00:21","guid":{"rendered":"http:\/\/hispanolaval.com\/wpfrtest\/?page_id=7"},"modified":"2025-03-18T02:47:12","modified_gmt":"2025-03-18T02:47:12","slug":"nous-joindre","status":"publish","type":"page","link":"https:\/\/hispanolaval.com\/fr\/nous-joindre\/","title":{"rendered":"Nous joindre"},"content":{"rendered":"<p><iframe loading=\"lazy\" style=\"border: 0;\" src=\"https:\/\/www.google.com\/maps\/embed?pb=!1m14!1m8!1m3!1d11176.879705911435!2d-73.75264702526736!3d45.545901217051!3m2!1i1024!2i768!4f13.1!3m3!1m2!1s0x4cc923afc0b5380d%3A0x7b4716a86df68a9b!2sCentre+St+Joseph!5e0!3m2!1sen!2sca!4v1478628984685\" width=\"600\" height=\"200\" frameborder=\"0\" allowfullscreen=\"allowfullscreen\"><\/iframe><\/p>\n<blockquote>\n<h2>Nos bureaux<\/h2>\n<p>Centre Saint-Joseph<br \/>\n1450 boul. Pie-X<br \/>\nLaval (Quebec)<\/p>\n<p><a href=\"http:\/\/www.hispanolaval.com\/plan_centre_st_joseph.htm\">Comment s&#8217;y rendre,<\/a>\u00a0\u00a0<a href=\"https:\/\/www.google.ca\/maps\/place\/Centre+St+Joseph\/@45.5504544,-73.7519121,17.31z\/data=!4m5!3m4!1s0x4cc923afc0b5380d:0x7b4716a86df68a9b!8m2!3d45.5503039!4d-73.749623?hl=en\">Google maps<\/a><\/p>\n<p><a href=\"http:\/\/www.stl.laval.qc.ca\/fr\/horaires-et-trajets\/autobus\/stl\/resultat-de-recherche-horaire-dune-ligne-a-un-arret\/?route_id=40O&amp;stop_code=43132\">Par autobus<\/a><\/p>\n<ul>\n<li><a href=\"http:\/\/www.stl.laval.qc.ca\/fr\/horaires-et-trajets\/autobus\/stl\/resultat-de-recherche-horaire-dune-ligne-a-un-arret\/?route_id=40O&amp;stop_code=43132\">STL 40 ouest direction l&#8217;autoroute 13<\/a><\/li>\n<li><a href=\"http:\/\/www.stl.laval.qc.ca\/fr\/horaires-et-trajets\/autobus\/stl\/resultat-de-recherche-horaire-dune-ligne-a-un-arret\/?route_id=40E&amp;stop_code=43131\">STL 40 est direction Metro Montmorency.<\/a><\/li>\n<\/ul>\n<p><b>Par courriel &#8211; Le conseil<\/b><\/p>\n<p><span style=\"font-weight: 400;\">info@hispanolaval.com<br \/>\n<\/span><span style=\"font-weight: 400;\">secretaire@hispanolaval.com \u00a0(sans accents)<br \/>\n<\/span><span style=\"font-weight: 400;\">president@hispanolaval.com \u00a0\u00a0(sans accents)<\/span><\/p>\n<p><span style=\"font-weight: 400;\"><strong>Par t\u00e9l\u00e9phone<\/strong><\/span><\/p>\n<p><span style=\"font-weight: 400;\">(514) 447-9984<\/span><\/p>\n<p><b>Par la poste<\/b><\/p>\n<p><span style=\"font-weight: 400;\">Association hispanophone de Laval<br \/>\n<\/span><span style=\"font-weight: 400;\">1450 boul. Pie-X<br \/>\n<\/span><span style=\"font-weight: 400;\">Laval (Qu\u00e9bec) H7V 3C1<\/span><\/p>\n<p><b>Lieux des principales activit\u00e9s<\/b><b><br \/>\n<\/b><\/p>\n<p><span style=\"font-weight: 400;\">Centre de la nature<br \/>\n<\/span><span style=\"font-weight: 400;\">912 avenue du Parc<br \/>\nLaval (Stationnement num\u00e9ro 4)<br \/>\n<\/span><a href=\"http:\/\/www.hispanolaval.com\/plan_bois_papineau.htm\"><span style=\"font-weight: 400;\">Comment s&#8217;y rendre&#8230;<\/span><\/a><a href=\"https:\/\/goo.gl\/maps\/YacC17bb5E62\"><span style=\"font-weight: 400;\">Maps<\/span><\/a><\/p>\n<p><span style=\"font-weight: 400;\">Pavillon du Bois Papineau<br \/>\n<\/span><span style=\"font-weight: 400;\">3235 boul.\u00a0Saint-Martin est<br \/>\nLaval (Quebec)<br \/>\n<\/span><a href=\"http:\/\/www.hispanolaval.com\/plan_bois_papineau.htm\"><span style=\"font-weight: 400;\">Comment s&#8217;y rendre&#8230;<\/span><\/a><span style=\"font-weight: 400;\"> \u00a0<\/span><span style=\"font-weight: 400;\"><a href=\"https:\/\/goo.gl\/maps\/34E765nKeft\">Maps<\/a>\u00a0 Le WiFi gratuit LavalPublic n&#8217;a pas besoin de password<\/span><\/p>\n<p><em>Pour commentaire ou suggestion sur le site : \u00a0info@hispanolaval.com<\/em><\/p>\n<p>&nbsp;<\/p><\/blockquote>\n                <div id=\"rcf-contact-form-display\">                    \r\n                   <form id=\"feedback\" method=\"post\" action=\"\/fr\/wp-json\/wp\/v2\/pages\/255#rcf-contact-form-display\">\r\n                        <p><label for=\"name\">Nom (required) : <\/label><br><input type=\"text\" id=\"rcf-name\" name=\"rcf-name\" class=\"rcf-form\" placeholder=\"\" value=\"\"><\/p><p><label for=\"subject\">Sujet (required) : <\/label><br><input type=\"text\" id=\"rcf-subject\" name=\"rcf-subject\" class=\"rcf-form\" placeholder=\"\" value=\"\"><\/p><p><label for=\"email\">Email (required) : <\/label><br><input type=\"email\" id=\"rcf-email\" name=\"rcf-email\" class=\"rcf-form\" placeholder=\"\" value=\"\"><\/p><p><label for=\"message\">Message (required) : <\/label><br><textarea id=\"rcf-message\" name=\"rcf-message\" class=\"rcf-form\" col=\"60\" rows=\"8\" placeholder=\"\"><\/textarea><\/p>                <div class=\"rcf-google-recaptcha\">\r\n                    <div class=\"g-recaptcha\" data-sitekey=\"6LcOhQoUAAAAAAmMho0usrGZxOfjy55TBlUon1Ws\"><\/div>\r\n                <\/div>  <p><input type=\"submit\" id=\"rcf-submit\" name=\"rcf_submit\" class=\"rcf-form\" value=envoyer><\/p>\r\n            <\/form>\r\n            <\/div>\r\n            \n","protected":false},"excerpt":{"rendered":"<p>Nos bureaux Centre Saint-Joseph 1450 boul. Pie-X Laval (Quebec) Comment s&#8217;y rendre,\u00a0\u00a0Google maps Par autobus STL 40 ouest direction l&#8217;autoroute 13 STL 40 est direction Metro Montmorency. Par courriel &#8211; Le conseil info@hispanolaval.com secretaire@hispanolaval.com \u00a0(sans accents) president@hispanolaval.com \u00a0\u00a0(sans accents) Par t\u00e9l\u00e9phone (514) 447-9984 Par la poste Association hispanophone de Laval 1450 boul. Pie-X Laval (Qu\u00e9bec) [&hellip;]<\/p>\n","protected":false},"author":2,"featured_media":0,"parent":0,"menu_order":6,"comment_status":"closed","ping_status":"closed","template":"","meta":{"_monsterinsights_skip_tracking":false,"_monsterinsights_sitenote_active":false,"_monsterinsights_sitenote_note":"","_monsterinsights_sitenote_category":0,"footnotes":""},"class_list":["post-255","page","type-page","status-publish","hentry"],"_links":{"self":[{"href":"https:\/\/hispanolaval.com\/fr\/wp-json\/wp\/v2\/pages\/255","targetHints":{"allow":["GET"]}}],"collection":[{"href":"https:\/\/hispanolaval.com\/fr\/wp-json\/wp\/v2\/pages"}],"about":[{"href":"https:\/\/hispanolaval.com\/fr\/wp-json\/wp\/v2\/types\/page"}],"author":[{"embeddable":true,"href":"https:\/\/hispanolaval.com\/fr\/wp-json\/wp\/v2\/users\/2"}],"replies":[{"embeddable":true,"href":"https:\/\/hispanolaval.com\/fr\/wp-json\/wp\/v2\/comments?post=255"}],"version-history":[{"count":22,"href":"https:\/\/hispanolaval.com\/fr\/wp-json\/wp\/v2\/pages\/255\/revisions"}],"predecessor-version":[{"id":5044,"href":"https:\/\/hispanolaval.com\/fr\/wp-json\/wp\/v2\/pages\/255\/revisions\/5044"}],"wp:attachment":[{"href":"https:\/\/hispanolaval.com\/fr\/wp-json\/wp\/v2\/media?parent=255"}],"curies":[{"name":"wp","href":"https:\/\/api.w.org\/{rel}","templated":true}]}}