{"id":293,"date":"2016-10-20T18:53:58","date_gmt":"2016-10-20T18:53:58","guid":{"rendered":"http:\/\/hispanolaval.com\/fr\/?page_id=293"},"modified":"2025-02-10T14:36:35","modified_gmt":"2025-02-10T14:36:35","slug":"home","status":"publish","type":"page","link":"https:\/\/hispanolaval.com\/fr\/","title":{"rendered":"Association Hispanophone de Laval &#8211; HISPANOLAVAL"},"content":{"rendered":"<p><a class=\"maxbutton-1 maxbutton maxbutton-button-ahl\" title=\"Association Hispanophone de Laval\" href=\".\/fr\/cours-espagnol\/\"><span class='mb-text'>Cours d'espagnol<\/span><\/a><a class=\"maxbutton-1 maxbutton maxbutton-button-ahl\" title=\"Association Hispanophone de Laval\" href=\"\u201d.\/fr\/shop\/carte-de-membre\/\u201d\"><span class='mb-text'>Carte de membre<\/span><\/a><a class=\"maxbutton-1 maxbutton maxbutton-button-ahl\" title=\"Association Hispanophone de Laval\" href=\"\u201d.\/merci-de-vous-abonner\/\u201d\"><span class='mb-text'>Infolettre<\/span><\/a><a class=\"maxbutton-1 maxbutton maxbutton-button-ahl\" title=\"Association Hispanophone de Laval\" href=\"\u201d\/contactez-nous\/\u201d\"><span class='mb-text'>Contactez-nous<\/span><\/a><\/p>\n<p><a href=\"http:\/\/m.me\/AssociationHispanophoneDeLaval\"><img loading=\"lazy\" decoding=\"async\" class=\"alignnone wp-image-2421\" title=\"Cliquez ici pour communiquer avec un pr\u00e9pos\u00e9\" src=\"http:\/\/hispanolaval.com\/fr\/wp-content\/uploads\/2018\/10\/facebook-messenger-logo-clipart-25.png\" alt=\"Cliquez ici pour communiquer avec un pr\u00e9pos\u00e9\" width=\"47\" height=\"57\" srcset=\"https:\/\/hispanolaval.com\/fr\/wp-content\/uploads\/2018\/10\/facebook-messenger-logo-clipart-25.png 452w, https:\/\/hispanolaval.com\/fr\/wp-content\/uploads\/2018\/10\/facebook-messenger-logo-clipart-25-249x300.png 249w\" sizes=\"auto, (max-width: 47px) 100vw, 47px\" \/><\/a><\/p>\n<h3 style=\"text-align: center;\"><em>L&#8217;amour de la langue espagnole est toujours au coeur de notre approche.<\/em><\/h3>\n<div>\n<hr \/>\n<\/div>\n<h2 style=\"text-align: center;\"><strong>Calendrier 2023 &#8211; 2024 des activit\u00e9s pour nos <a href=\"https:\/\/hispanolaval.com\/fr\/carte-de-membre\/\" target=\"_blank\" rel=\"noopener noreferrer\">membres.\u00a0 <\/a><\/strong><\/h2>\n<h2 style=\"text-align: center;\"><a href=\"https:\/\/hispanolaval.com\/fr\/carte-de-membre\/\" target=\"_blank\" rel=\"noopener noreferrer\"><em>Cours d&#8217;espagnol &#8211; Hiver<\/em><\/a><\/h2>\n<ul>\n<li><strong><span style=\"color: #3366ff;\"><a style=\"color: #3366ff;\" href=\"https:\/\/hispanolaval.com\/fr\/2017\/09\/07\/echange-linguistique-en-espagnol-intercambio-linguistico\/\" target=\"_blank\" rel=\"noopener noreferrer\">Intercambios Ling\u00fc\u00edsticos<\/a><\/span>\u00a0<\/strong>&#8211; <em><strong>tous les samedis\u00a0 \u00e0 10 h au Centre Saint-Joseph<\/strong><\/em><br \/>\nDeux heures de discussion en espagnol en personne. <a id=\"ow510\" style=\"color: #3366ff;\" href=\"https:\/\/hispanolaval.com\/fr\/2017\/09\/07\/echange-linguistique-en-espagnol-intercambio-linguistico\/\">Comment participer aux intercambios?<\/a><br \/>\nLe th\u00e8me propos\u00e9 pour samedi sera: L\u2019itin\u00e9rance . <span style=\"color: #3366ff;\"><a style=\"color: #3366ff;\" href=\"https:\/\/hispanolaval.com\/fr\/category\/atelier\/intercambio\/\">Cliquer ici pour l&#8217;historique des th\u00e8mes.\u00a0<\/a><\/span><\/li>\n<li><strong><a href=\"https:\/\/hispanolaval.com\/fr\/shop\/cours-niveau-1-distance\/\" target=\"_blank\" rel=\"noopener noreferrer\"><span style=\"color: #3366ff;\">Cours d&#8217;espagnol niveau d\u00e9butant<\/span><\/a> <\/strong><strong>: <em>les mardis de 18 h \u00e0 20 h; d\u00e9but le 16 janvier 2024\u00a0<\/em><\/strong><br \/>\n<em><a href=\"https:\/\/docs.google.com\/document\/u\/1\/d\/e\/2PACX-1vR4iY1fTYNZx2l_u0q2wi9Xq_uFIeMkuKnPeEZKhVpNOC0Zi9MjA4umONasRd8KaYu9NGSb5Fro7xlN\/pub\">Contenu du cours niveau 1\u00a0\u00a0<\/a><\/em><\/li>\n<li><strong><span style=\"color: #3366ff;\"><a style=\"color: #3366ff;\" href=\"https:\/\/hispanolaval.com\/fr\/shop\/cours-niveau-2-distance\/\" target=\"_blank\" rel=\"noopener noreferrer\">Cours d&#8217;espagnol niveau interm\u00e9diaire<\/a><\/span> : <em>les mercredis soir de 18 h \u00e0 20 h; d\u00e9but le 17 janvier 2024<\/em><\/strong><br \/>\n<em><a href=\"https:\/\/docs.google.com\/document\/u\/1\/d\/e\/2PACX-1vRxjblGMGOewfhp25YmuM_q_0EetKkVVOQSW_CeX-J5B3VESioQFaCobwIQyXh9exAKF4mjHa1m5F88\/pub\">Contenu du cours niveau 2<\/a><\/em><\/li>\n<li><strong><a href=\"https:\/\/hispanolaval.com\/fr\/?post_type=product&#038;p=3278\" target=\"_blank\" rel=\"noopener noreferrer\"><span style=\"color: #3366ff;\">Cours d&#8217;espagnol niveau avanc\u00e9<\/span><\/a> : <em>les jeudis soir de 18 h \u00e0 20 h; d\u00e9but le 18 janvier 2024 <\/em><\/strong><span class=\"text_exposed_show\"><em><strong>\u00a0\u00a0<\/strong><\/em><\/span><\/li>\n<li><span class=\"text_exposed_show\"><em><a href=\"https:\/\/docs.google.com\/document\/d\/e\/2PACX-1vQEVphh4ozlA_bVWp50AumXsmtJihSrXtfNLiAVzNJmi2-01togkAErTZIt6HY_0adR62zktqtYPEBV\/pub\">Contenu du cours niveau 3<\/a><\/em><\/span><\/li>\n<li><span style=\"color: #3366ff;\"><strong>Ateliers de prononciation<\/strong> <\/span>&#8211; dates \u00e0 venir<br \/>\nEnviron 1h30 de lecture et d&#8217;\u00e9change avec correction de la prononciation avec Line et Maria apr\u00e8s les Intercambios du samedi.<\/li>\n<li><span style=\"color: #3366ff;\"><strong>&#8220;El Caf\u00e9 filos\u00f3fico&#8221; <\/strong><\/span>avec Ginette, 2 octobre et tous les premiers samedis du mois.<br \/>\nD\u00e9bute \u00e0 12:30 sur place au Centre Saint-Joseph. Vous devez \u00eatre <a href=\"https:\/\/hispanolaval.com\/fr\/shop\/carte-de-membre\/\" target=\"_blank\" rel=\"noopener noreferrer\">membre<\/a> pour participer.<br \/>\n<span style=\"color: #3366ff;\"><a style=\"color: #3366ff;\" href=\"https:\/\/hispanolaval.com\/fr\/category\/atelier\/el-cafe-filosofico\/\">Cliquer ici pour l&#8217;historique des th\u00e8mes.\u00a0<\/a><\/span><\/li>\n<li><span style=\"color: #3366ff;\"><a style=\"color: #3366ff;\" href=\"https:\/\/hispanolaval.com\/fr\/shop\/pratique-de-francais-gratis\/\"><strong>Pratique de fran\u00e7ais \u00e0 distance pour hispanophones &#8211; Gratuits<\/strong><\/a><\/span>, les vendredis a 14h (encore de la place) et \u00e0 16h (complet), via Messenger, groupe de 6<br \/>\nGratuit pour les non-membres, <span style=\"color: #3366ff;\"><a style=\"color: #3366ff;\" href=\"https:\/\/hispanolaval.com\/fr\/shop\/pratique-de-francais-gratis\/\">inscrivez-vous ici<\/a> <\/span>les places sont limit\u00e9es.<br \/>\nPour les hispanophones int\u00e9ress\u00e9s \u00e0 am\u00e9liorer la prononciation, la lecture et le vocabulaire.<\/li>\n<li><strong><span style=\"color: #3366ff;\">Bibliotheque<\/span> <\/strong>de l&#8217;association directement au Centre Saint-Joseph plus d&#8217;une centaine de livres de toutes cat\u00e9gories que bous pouvez enmprunter gratuitement lorsque vous \u00eates membre.<\/li>\n<li><a href=\"https:\/\/hispanolaval.com\/fr\/category\/etude-espagnol\/\"><strong><span style=\"color: #3366ff;\">Ressources<\/span><\/strong> pour l&#8217;\u00e9tude de l&#8217;espagnol<\/a>. <a href=\"https:\/\/hispanolaval.com\/fr\/2016\/12\/02\/dictionnaires\/\">Dictionnaires<\/a>, <a href=\"https:\/\/hispanolaval.com\/fr\/2016\/12\/02\/ecoute\/\">\u00e9coute d&#8217;audiolivres et radio<\/a>, <a href=\"https:\/\/hispanolaval.com\/fr\/2016\/12\/02\/videos-en-espagnol\/\">video<\/a>, <a href=\"https:\/\/hispanolaval.com\/fr\/2016\/12\/02\/lecture-en-espagnol\/\">lecture<\/a>, <a href=\"https:\/\/hispanolaval.com\/fr\/2016\/12\/02\/cours-en-espagnol\/\">cours gratuits.<\/a><\/li>\n<\/ul>\n<p><strong><a href=\"https:\/\/hispanolaval.com\/fr\/shop\/carte-de-membre\/\" target=\"_blank\" rel=\"noopener noreferrer\"><em>Cliquer ici pour une carte de membre<\/em><\/a><\/strong><\/p>\n<hr \/>\n<h3><a href=\"https:\/\/hispanolaval.com\/fr\/2017\/09\/07\/echange-linguistique-en-espagnol-intercambio-linguistico\/\"><img loading=\"lazy\" decoding=\"async\" class=\"alignnone wp-image-643\" src=\"http:\/\/hispanolaval.com\/fr\/wp-content\/uploads\/2016\/11\/intercambio-2004-pano2.jpg\" alt=\"Intercambio Ling\u00fc\u00edstico \" width=\"1080\" height=\"351\" srcset=\"https:\/\/hispanolaval.com\/fr\/wp-content\/uploads\/2016\/11\/intercambio-2004-pano2.jpg 724w, https:\/\/hispanolaval.com\/fr\/wp-content\/uploads\/2016\/11\/intercambio-2004-pano2-600x195.jpg 600w, https:\/\/hispanolaval.com\/fr\/wp-content\/uploads\/2016\/11\/intercambio-2004-pano2-300x97.jpg 300w\" sizes=\"auto, (max-width: 1080px) 100vw, 1080px\" \/><\/a>\u00c9CHANGES LINGUISTIQUES EN ESPAGNOL<\/h3>\n<p>Rencontres les samedis matins \u00e0 10 h pour \u00e9changer en espagnol.\u00a0<a href=\"https:\/\/hispanolaval.com\/fr\/2017\/09\/07\/echange-linguistique-en-espagnol-intercambio-linguistico\/\">En savoir plus &gt;<\/a><\/p>\n<div>\n<h3><a href=\"http:\/\/hispanolaval.com\/fr\/cours-espagnol\/\"><img loading=\"lazy\" decoding=\"async\" class=\"alignnone wp-image-587\" src=\"http:\/\/hispanolaval.com\/fr\/wp-content\/uploads\/2016\/10\/classe-despagnol.jpg\" alt=\"classe-despagnol\" width=\"1080\" height=\"298\" srcset=\"https:\/\/hispanolaval.com\/fr\/wp-content\/uploads\/2016\/10\/classe-despagnol.jpg 800w, https:\/\/hispanolaval.com\/fr\/wp-content\/uploads\/2016\/10\/classe-despagnol-600x166.jpg 600w, https:\/\/hispanolaval.com\/fr\/wp-content\/uploads\/2016\/10\/classe-despagnol-300x83.jpg 300w, https:\/\/hispanolaval.com\/fr\/wp-content\/uploads\/2016\/10\/classe-despagnol-768x212.jpg 768w\" sizes=\"auto, (max-width: 1080px) 100vw, 1080px\" \/><\/a>COURS D&#8217;ESPAGNOL<\/h3>\n<p>Pour d\u00e9butants et interm\u00e9diaires sessions d&#8217;automne et hiver.\u00a0<a href=\"https:\/\/hispanolaval.com\/fr\/cours-espagnol\/\">En savoir plus &gt;<\/a><\/p>\n<div>\n<h3><a href=\"https:\/\/hispanolaval.com\/fr\/2016\/09\/05\/cine-forum\/\"><img loading=\"lazy\" decoding=\"async\" class=\"alignnone wp-image-647\" src=\"http:\/\/hispanolaval.com\/fr\/wp-content\/uploads\/2016\/11\/cineforo-pano.jpg\" alt=\"cineforo-pano\" width=\"1080\" height=\"308\" srcset=\"https:\/\/hispanolaval.com\/fr\/wp-content\/uploads\/2016\/11\/cineforo-pano.jpg 785w, https:\/\/hispanolaval.com\/fr\/wp-content\/uploads\/2016\/11\/cineforo-pano-600x171.jpg 600w, https:\/\/hispanolaval.com\/fr\/wp-content\/uploads\/2016\/11\/cineforo-pano-300x86.jpg 300w, https:\/\/hispanolaval.com\/fr\/wp-content\/uploads\/2016\/11\/cineforo-pano-768x219.jpg 768w\" sizes=\"auto, (max-width: 1080px) 100vw, 1080px\" \/><\/a>CIN\u00c9-FORUM<\/h3>\n<p align=\"justify\">Visionnement de films en espagnol avec animateur. <a href=\"https:\/\/hispanolaval.com\/fr\/2016\/09\/05\/cine-forum\/\">En savoir plus &gt;<\/a><\/p>\n<\/div>\n<\/div>\n<div>\n<h3><img loading=\"lazy\" decoding=\"async\" class=\"alignleft wp-image-653 size-full\" src=\"http:\/\/hispanolaval.com\/fr\/wp-content\/uploads\/2016\/11\/picnic-deodoro-bernard-pano.jpg\" alt=\"Pique-nique\" width=\"2816\" height=\"905\" \/><br \/>\nPIQUE-NIQUE<\/h3>\n<p>On profite de la belle saison pour organiser des pique-niques \u00e0 saveur latino-am\u00e9ricaine. D\u00e9gustez des grillades de saucisses et diff\u00e9rents mets \u00e0 la table communautaire au son des instruments de musique des participants.<\/p>\n<h3><a href=\"https:\/\/hispanolaval.com\/fr\/?post_type=product&#038;p=11\"><img loading=\"lazy\" decoding=\"async\" class=\"alignnone wp-image-644 size-full\" src=\"http:\/\/hispanolaval.com\/fr\/wp-content\/uploads\/2016\/11\/baile-pano.jpg\" alt=\"Soir\u00e9es dansantes\" width=\"1169\" height=\"264\" srcset=\"https:\/\/hispanolaval.com\/fr\/wp-content\/uploads\/2016\/11\/baile-pano.jpg 1169w, https:\/\/hispanolaval.com\/fr\/wp-content\/uploads\/2016\/11\/baile-pano-600x136.jpg 600w, https:\/\/hispanolaval.com\/fr\/wp-content\/uploads\/2016\/11\/baile-pano-300x68.jpg 300w, https:\/\/hispanolaval.com\/fr\/wp-content\/uploads\/2016\/11\/baile-pano-768x173.jpg 768w, https:\/\/hispanolaval.com\/fr\/wp-content\/uploads\/2016\/11\/baile-pano-1024x231.jpg 1024w\" sizes=\"auto, (max-width: 1169px) 100vw, 1169px\" \/><\/a>FIESTAS &#8211; SOIR\u00c9ES DANSANTES<\/h3>\n<p align=\"justify\">Dansez\u00a0salsa, merengue, bachata au son d&#8217;une disco latino-am\u00e9ricaine. D\u00e9gustez\u00a0des sp\u00e9cialit\u00e9s latino-am\u00e9ricaines et regardez des spectacles artistiques.<\/p>\n<\/div>\n<div>\n<h3><a href=\"https:\/\/hispanolaval.com\/fr\/2016\/09\/05\/conferences\/\"><img loading=\"lazy\" decoding=\"async\" class=\"alignnone wp-image-649 size-full\" src=\"http:\/\/hispanolaval.com\/fr\/wp-content\/uploads\/2016\/11\/conferencia-pano2.jpg\" alt=\"conf\u00e9rence\" width=\"1100\" height=\"259\" srcset=\"https:\/\/hispanolaval.com\/fr\/wp-content\/uploads\/2016\/11\/conferencia-pano2.jpg 1100w, https:\/\/hispanolaval.com\/fr\/wp-content\/uploads\/2016\/11\/conferencia-pano2-600x141.jpg 600w, https:\/\/hispanolaval.com\/fr\/wp-content\/uploads\/2016\/11\/conferencia-pano2-300x71.jpg 300w, https:\/\/hispanolaval.com\/fr\/wp-content\/uploads\/2016\/11\/conferencia-pano2-768x181.jpg 768w, https:\/\/hispanolaval.com\/fr\/wp-content\/uploads\/2016\/11\/conferencia-pano2-1024x241.jpg 1024w\" sizes=\"auto, (max-width: 1100px) 100vw, 1100px\" \/><\/a>CONF\u00c9RENCES<\/h3>\n<p align=\"justify\">En relation avec la culture latino-am\u00e9ricaine.\u00a0<a href=\"https:\/\/hispanolaval.com\/fr\/2016\/09\/05\/conferences\/\">En savoir plus &gt;<\/a><\/p>\n<h3><a href=\"https:\/\/hispanolaval.com\/fr\/2016\/09\/05\/cours-de-danses-latines\/\"><img loading=\"lazy\" decoding=\"async\" class=\"alignnone wp-image-650 size-full\" src=\"http:\/\/hispanolaval.com\/fr\/wp-content\/uploads\/2016\/11\/cursosde-baile-pano.jpg\" alt=\"cursosde-baile-pano\" width=\"1578\" height=\"453\" srcset=\"https:\/\/hispanolaval.com\/fr\/wp-content\/uploads\/2016\/11\/cursosde-baile-pano.jpg 1578w, https:\/\/hispanolaval.com\/fr\/wp-content\/uploads\/2016\/11\/cursosde-baile-pano-600x172.jpg 600w, https:\/\/hispanolaval.com\/fr\/wp-content\/uploads\/2016\/11\/cursosde-baile-pano-300x86.jpg 300w, https:\/\/hispanolaval.com\/fr\/wp-content\/uploads\/2016\/11\/cursosde-baile-pano-768x220.jpg 768w, https:\/\/hispanolaval.com\/fr\/wp-content\/uploads\/2016\/11\/cursosde-baile-pano-1024x294.jpg 1024w\" sizes=\"auto, (max-width: 1578px) 100vw, 1578px\" \/><\/a>COURS DE DANSES LATINES<\/h3>\n<p>Des cours de danses latines sont organis\u00e9s \u00e0 l&#8217;occasion.\u00a0<a href=\"https:\/\/hispanolaval.com\/fr\/2016\/09\/05\/cours-de-danses-latines\/\">En savoir plus &gt;<\/a><\/p>\n<\/div>\n<div>\n<h3><a href=\"https:\/\/hispanolaval.com\/fr\/2015\/08\/05\/festival-folklorique\/\"><img loading=\"lazy\" decoding=\"async\" class=\"alignnone wp-image-641\" src=\"http:\/\/hispanolaval.com\/fr\/wp-content\/uploads\/2016\/11\/festival-folklorico-agosto-jpg-drapeaux-pano.jpg\" alt=\"Festival au Centre de la nature\" width=\"1080\" height=\"198\" srcset=\"https:\/\/hispanolaval.com\/fr\/wp-content\/uploads\/2016\/11\/festival-folklorico-agosto-jpg-drapeaux-pano.jpg 737w, https:\/\/hispanolaval.com\/fr\/wp-content\/uploads\/2016\/11\/festival-folklorico-agosto-jpg-drapeaux-pano-600x110.jpg 600w, https:\/\/hispanolaval.com\/fr\/wp-content\/uploads\/2016\/11\/festival-folklorico-agosto-jpg-drapeaux-pano-300x55.jpg 300w\" sizes=\"auto, (max-width: 1080px) 100vw, 1080px\" \/><\/a>FESTIVAL FOLKLORIQUE<\/h3>\n<p align=\"justify\">Notre \u00e9v\u00e9nement le plus important est la FIESTA DE AGOSTO, un festival folklorique latino-am\u00e9ricain.\u00a0<a href=\"https:\/\/hispanolaval.com\/fr\/2015\/08\/05\/festival-folklorique\/\">En savoir plus &gt;<\/a><\/p>\n<p>&nbsp;<\/p>\n<\/div>\n","protected":false},"excerpt":{"rendered":"<p>L&#8217;amour de la langue espagnole est toujours au coeur de notre approche. Calendrier 2023 &#8211; 2024 des activit\u00e9s pour nos membres.\u00a0 Cours d&#8217;espagnol &#8211; Hiver Intercambios Ling\u00fc\u00edsticos\u00a0&#8211; tous les samedis\u00a0 \u00e0 10 h au Centre Saint-Joseph Deux heures de discussion en espagnol en personne. Comment participer aux intercambios? Le th\u00e8me propos\u00e9 pour samedi sera: L\u2019itin\u00e9rance [&hellip;]<\/p>\n","protected":false},"author":1,"featured_media":0,"parent":0,"menu_order":0,"comment_status":"closed","ping_status":"closed","template":"","meta":{"_monsterinsights_skip_tracking":false,"_monsterinsights_sitenote_active":false,"_monsterinsights_sitenote_note":"","_monsterinsights_sitenote_category":0,"footnotes":""},"class_list":["post-293","page","type-page","status-publish","hentry"],"_links":{"self":[{"href":"https:\/\/hispanolaval.com\/fr\/wp-json\/wp\/v2\/pages\/293","targetHints":{"allow":["GET"]}}],"collection":[{"href":"https:\/\/hispanolaval.com\/fr\/wp-json\/wp\/v2\/pages"}],"about":[{"href":"https:\/\/hispanolaval.com\/fr\/wp-json\/wp\/v2\/types\/page"}],"author":[{"embeddable":true,"href":"https:\/\/hispanolaval.com\/fr\/wp-json\/wp\/v2\/users\/1"}],"replies":[{"embeddable":true,"href":"https:\/\/hispanolaval.com\/fr\/wp-json\/wp\/v2\/comments?post=293"}],"version-history":[{"count":353,"href":"https:\/\/hispanolaval.com\/fr\/wp-json\/wp\/v2\/pages\/293\/revisions"}],"predecessor-version":[{"id":4993,"href":"https:\/\/hispanolaval.com\/fr\/wp-json\/wp\/v2\/pages\/293\/revisions\/4993"}],"wp:attachment":[{"href":"https:\/\/hispanolaval.com\/fr\/wp-json\/wp\/v2\/media?parent=293"}],"curies":[{"name":"wp","href":"https:\/\/api.w.org\/{rel}","templated":true}]}}