{"id":351,"date":"2016-10-21T00:44:47","date_gmt":"2016-10-21T00:44:47","guid":{"rendered":"http:\/\/hispanolaval.com\/fr\/?page_id=351"},"modified":"2025-11-12T17:48:33","modified_gmt":"2025-11-12T17:48:33","slug":"conseil","status":"publish","type":"page","link":"https:\/\/hispanolaval.com\/fr\/conseil\/","title":{"rendered":"Conseil"},"content":{"rendered":"<p>Le conseil d\u2019administration 2025\/2026 vous souhaite la bienvenue.<\/p>\n<p><img loading=\"lazy\" decoding=\"async\" class=\"alignnone wp-image-4614 \" src=\"https:\/\/hispanolaval.com\/fr\/wp-content\/uploads\/2023\/11\/Photo-Alain-Ivan-Angulo-Mendoza-instasize-2-284x300.jpg\" alt=\"\" width=\"174\" height=\"184\" srcset=\"https:\/\/hispanolaval.com\/fr\/wp-content\/uploads\/2023\/11\/Photo-Alain-Ivan-Angulo-Mendoza-instasize-2-284x300.jpg 284w, https:\/\/hispanolaval.com\/fr\/wp-content\/uploads\/2023\/11\/Photo-Alain-Ivan-Angulo-Mendoza-instasize-2-971x1024.jpg 971w, https:\/\/hispanolaval.com\/fr\/wp-content\/uploads\/2023\/11\/Photo-Alain-Ivan-Angulo-Mendoza-instasize-2-768x810.jpg 768w, https:\/\/hispanolaval.com\/fr\/wp-content\/uploads\/2023\/11\/Photo-Alain-Ivan-Angulo-Mendoza-instasize-2-1456x1536.jpg 1456w, https:\/\/hispanolaval.com\/fr\/wp-content\/uploads\/2023\/11\/Photo-Alain-Ivan-Angulo-Mendoza-instasize-2-1942x2048.jpg 1942w, https:\/\/hispanolaval.com\/fr\/wp-content\/uploads\/2023\/11\/Photo-Alain-Ivan-Angulo-Mendoza-instasize-2-600x633.jpg 600w\" sizes=\"auto, (max-width: 174px) 100vw, 174px\" \/><\/p>\n<p>Alain Angulo, <a href=\"http:\/\/hispanolaval.com\/fr\/contactez-nous\/\">Pr\u00e9sident<\/a><\/p>\n<p class=\"p1\">C\u2019est un honneur pour moi d\u2019avoir \u00e9t\u00e9 r\u00e9\u00e9lu \u00e0 la pr\u00e9sidence de l\u2019Association Hispanophone de Laval. Je poursuis avec enthousiasme notre mission, entour\u00e9 d\u2019une \u00e9quipe passionn\u00e9e, pour promouvoir la culture hispanophone et renforcer les liens entre les diff\u00e9rentes g\u00e9n\u00e9rations et origines.<\/p>\n<p>&nbsp;<\/p>\n<p>Line Beaucage, <a href=\"http:\/\/hispanolaval.com\/fr\/contactez-nous\/\">Vice-pr\u00e9sident<\/a><\/p>\n<p>Je suis tr\u00e8s fi\u00e8re de faire partie de ce conseil d\u2019administration. L\u2019AHL est pour moi un lieu d\u2019ancrage et d\u2019appartenance. J\u2019y suis b\u00e9n\u00e9vole depuis plus de 10 ans et je continue de travailler pour l\u2019union de nos communaut\u00e9s et de nos cultures respectives.<\/p>\n<p>&nbsp;<\/p>\n<p>&nbsp;<\/p>\n<p>&nbsp;<\/p>\n<h2><b><i><img loading=\"lazy\" decoding=\"async\" class=\"alignnone wp-image-4611 size-full\" src=\"https:\/\/hispanolaval.com\/fr\/wp-content\/uploads\/2023\/11\/Consejo.jpg\" alt=\"\" width=\"940\" height=\"788\" srcset=\"https:\/\/hispanolaval.com\/fr\/wp-content\/uploads\/2023\/11\/Consejo.jpg 940w, https:\/\/hispanolaval.com\/fr\/wp-content\/uploads\/2023\/11\/Consejo-300x251.jpg 300w, https:\/\/hispanolaval.com\/fr\/wp-content\/uploads\/2023\/11\/Consejo-768x644.jpg 768w, https:\/\/hispanolaval.com\/fr\/wp-content\/uploads\/2023\/11\/Consejo-600x503.jpg 600w\" sizes=\"auto, (max-width: 940px) 100vw, 940px\" \/><\/i><\/b><\/h2>\n<p>Le conseil d\u2019administration 2023\/2024<br \/>\nvous souhaite la bienvenue<\/p>\n<div id=\"sites-chrome-everything-scrollbar\">\n<div id=\"sites-chrome-everything\">\n<div id=\"sites-chrome-page-wrapper\">\n<div id=\"sites-chrome-page-wrapper-inside\">\n<div id=\"sites-chrome-main-wrapper\">\n<div id=\"sites-chrome-main-wrapper-inside\">\n<p><img loading=\"lazy\" decoding=\"async\" class=\"alignnone wp-image-4614 \" src=\"https:\/\/hispanolaval.com\/fr\/wp-content\/uploads\/2023\/11\/Photo-Alain-Ivan-Angulo-Mendoza-instasize-2-284x300.jpg\" alt=\"\" width=\"174\" height=\"184\" srcset=\"https:\/\/hispanolaval.com\/fr\/wp-content\/uploads\/2023\/11\/Photo-Alain-Ivan-Angulo-Mendoza-instasize-2-284x300.jpg 284w, https:\/\/hispanolaval.com\/fr\/wp-content\/uploads\/2023\/11\/Photo-Alain-Ivan-Angulo-Mendoza-instasize-2-971x1024.jpg 971w, https:\/\/hispanolaval.com\/fr\/wp-content\/uploads\/2023\/11\/Photo-Alain-Ivan-Angulo-Mendoza-instasize-2-768x810.jpg 768w, https:\/\/hispanolaval.com\/fr\/wp-content\/uploads\/2023\/11\/Photo-Alain-Ivan-Angulo-Mendoza-instasize-2-1456x1536.jpg 1456w, https:\/\/hispanolaval.com\/fr\/wp-content\/uploads\/2023\/11\/Photo-Alain-Ivan-Angulo-Mendoza-instasize-2-1942x2048.jpg 1942w, https:\/\/hispanolaval.com\/fr\/wp-content\/uploads\/2023\/11\/Photo-Alain-Ivan-Angulo-Mendoza-instasize-2-600x633.jpg 600w\" sizes=\"auto, (max-width: 174px) 100vw, 174px\" \/><b><i><br \/>\n<\/i><\/b>Alain Angulo, <a href=\"http:\/\/hispanolaval.com\/fr\/contactez-nous\/\">Pr\u00e9sident<\/a><\/p>\n<p><img loading=\"lazy\" decoding=\"async\" class=\"alignnone wp-image-4617 \" src=\"https:\/\/hispanolaval.com\/fr\/wp-content\/uploads\/2023\/11\/Consejo-300x300.png\" alt=\"\" width=\"171\" height=\"171\" srcset=\"https:\/\/hispanolaval.com\/fr\/wp-content\/uploads\/2023\/11\/Consejo-300x300.png 300w, https:\/\/hispanolaval.com\/fr\/wp-content\/uploads\/2023\/11\/Consejo-150x150.png 150w, https:\/\/hispanolaval.com\/fr\/wp-content\/uploads\/2023\/11\/Consejo-350x350.png 350w, https:\/\/hispanolaval.com\/fr\/wp-content\/uploads\/2023\/11\/Consejo-100x100.png 100w, https:\/\/hispanolaval.com\/fr\/wp-content\/uploads\/2023\/11\/Consejo.png 590w\" sizes=\"auto, (max-width: 171px) 100vw, 171px\" \/><br \/>\nKetty Canchaya, <a href=\"http:\/\/hispanolaval.com\/fr\/contactez-nous\/\">Vice-pr\u00e9sident<\/a><\/p>\n<\/div>\n<p><b style=\"font-size: 1em;\"><i><img loading=\"lazy\" decoding=\"async\" class=\"alignnone wp-image-4617 \" src=\"https:\/\/hispanolaval.com\/fr\/wp-content\/uploads\/2023\/11\/Consejo-300x300.png\" alt=\"\" width=\"172\" height=\"172\" srcset=\"https:\/\/hispanolaval.com\/fr\/wp-content\/uploads\/2023\/11\/Consejo-300x300.png 300w, https:\/\/hispanolaval.com\/fr\/wp-content\/uploads\/2023\/11\/Consejo-150x150.png 150w, https:\/\/hispanolaval.com\/fr\/wp-content\/uploads\/2023\/11\/Consejo-350x350.png 350w, https:\/\/hispanolaval.com\/fr\/wp-content\/uploads\/2023\/11\/Consejo-100x100.png 100w, https:\/\/hispanolaval.com\/fr\/wp-content\/uploads\/2023\/11\/Consejo.png 590w\" sizes=\"auto, (max-width: 172px) 100vw, 172px\" \/><\/i><\/b><br \/>\nMichele Leprohon, <a href=\"http:\/\/hispanolaval.com\/fr\/contactez-nous\/\">Secr\u00e9taire<\/a><\/p>\n<\/div>\n<p><img loading=\"lazy\" decoding=\"async\" class=\"alignnone wp-image-3281 \" src=\"https:\/\/hispanolaval.com\/fr\/wp-content\/uploads\/2020\/09\/Delfino-Mongiat-140.png\" alt=\"\" width=\"150\" height=\"196\" \/><br \/>\nDelfino Mongiat, <a href=\"http:\/\/hispanolaval.com\/fr\/contactez-nous\/\">Tr\u00e9sorier<\/a><\/p>\n<div id=\"sites-chrome-main-wrapper\">\n<div id=\"sites-chrome-main-wrapper-inside\">\n<p><img loading=\"lazy\" decoding=\"async\" class=\"alignnone wp-image-4617 \" src=\"https:\/\/hispanolaval.com\/fr\/wp-content\/uploads\/2023\/11\/Consejo-300x300.png\" alt=\"\" width=\"172\" height=\"172\" srcset=\"https:\/\/hispanolaval.com\/fr\/wp-content\/uploads\/2023\/11\/Consejo-300x300.png 300w, https:\/\/hispanolaval.com\/fr\/wp-content\/uploads\/2023\/11\/Consejo-150x150.png 150w, https:\/\/hispanolaval.com\/fr\/wp-content\/uploads\/2023\/11\/Consejo-350x350.png 350w, https:\/\/hispanolaval.com\/fr\/wp-content\/uploads\/2023\/11\/Consejo-100x100.png 100w, https:\/\/hispanolaval.com\/fr\/wp-content\/uploads\/2023\/11\/Consejo.png 590w\" sizes=\"auto, (max-width: 172px) 100vw, 172px\" \/><br \/>\nGeorges Geoffroy, <a href=\"http:\/\/hispanolaval.com\/fr\/contactez-nous\/\">Administrateur<\/a><\/p>\n<p><img loading=\"lazy\" decoding=\"async\" class=\"alignnone wp-image-3284 \" style=\"font-size: 1em;\" src=\"https:\/\/hispanolaval.com\/fr\/wp-content\/uploads\/2020\/09\/PSX_20200928_205220-270x300.jpg\" alt=\"\" width=\"150\" height=\"167\" srcset=\"https:\/\/hispanolaval.com\/fr\/wp-content\/uploads\/2020\/09\/PSX_20200928_205220-270x300.jpg 270w, https:\/\/hispanolaval.com\/fr\/wp-content\/uploads\/2020\/09\/PSX_20200928_205220-768x853.jpg 768w, https:\/\/hispanolaval.com\/fr\/wp-content\/uploads\/2020\/09\/PSX_20200928_205220-600x667.jpg 600w, https:\/\/hispanolaval.com\/fr\/wp-content\/uploads\/2020\/09\/PSX_20200928_205220.jpg 899w\" sizes=\"auto, (max-width: 150px) 100vw, 150px\" \/><br \/>\nD<span style=\"font-size: 1em;\">a<\/span><span style=\"font-size: 1em;\">vid Tang, <\/span><a style=\"font-size: 1em;\" href=\"http:\/\/hispanolaval.com\/fr\/contactez-nous\/\">Administrateur<\/a><\/p>\n<\/div>\n<\/div>\n<\/div>\n<\/div>\n<\/div>\n<\/div>\n<h2><b><i><img loading=\"lazy\" decoding=\"async\" class=\"alignnone size-large wp-image-3292\" src=\"https:\/\/hispanolaval.com\/fr\/wp-content\/uploads\/2020\/10\/Consejo-2020-2021-1024x576.png\" alt=\"\" width=\"858\" height=\"483\" srcset=\"https:\/\/hispanolaval.com\/fr\/wp-content\/uploads\/2020\/10\/Consejo-2020-2021-1024x576.png 1024w, https:\/\/hispanolaval.com\/fr\/wp-content\/uploads\/2020\/10\/Consejo-2020-2021-300x169.png 300w, https:\/\/hispanolaval.com\/fr\/wp-content\/uploads\/2020\/10\/Consejo-2020-2021-768x432.png 768w, https:\/\/hispanolaval.com\/fr\/wp-content\/uploads\/2020\/10\/Consejo-2020-2021-600x338.png 600w, https:\/\/hispanolaval.com\/fr\/wp-content\/uploads\/2020\/10\/Consejo-2020-2021.png 1280w\" sizes=\"auto, (max-width: 858px) 100vw, 858px\" \/><\/i><\/b><\/h2>\n<p>Le conseil d\u2019administration 2020\/2021<br \/>\nvous souhaite la bienvenue<\/p>\n<div id=\"sites-chrome-everything-scrollbar\">\n<div id=\"sites-chrome-everything\">\n<div id=\"sites-chrome-page-wrapper\">\n<div id=\"sites-chrome-page-wrapper-inside\">\n<div id=\"sites-chrome-main-wrapper\">\n<div id=\"sites-chrome-main-wrapper-inside\">\n<p><img loading=\"lazy\" decoding=\"async\" class=\"alignnone wp-image-3249 \" src=\"https:\/\/hispanolaval.com\/fr\/wp-content\/uploads\/2020\/09\/Deodoro-Rodriguez-213x300.jpg\" alt=\"\" width=\"150\" height=\"211\" srcset=\"https:\/\/hispanolaval.com\/fr\/wp-content\/uploads\/2020\/09\/Deodoro-Rodriguez-213x300.jpg 213w, https:\/\/hispanolaval.com\/fr\/wp-content\/uploads\/2020\/09\/Deodoro-Rodriguez-726x1024.jpg 726w, https:\/\/hispanolaval.com\/fr\/wp-content\/uploads\/2020\/09\/Deodoro-Rodriguez-768x1084.jpg 768w, https:\/\/hispanolaval.com\/fr\/wp-content\/uploads\/2020\/09\/Deodoro-Rodriguez-1089x1536.jpg 1089w, https:\/\/hispanolaval.com\/fr\/wp-content\/uploads\/2020\/09\/Deodoro-Rodriguez-600x846.jpg 600w, https:\/\/hispanolaval.com\/fr\/wp-content\/uploads\/2020\/09\/Deodoro-Rodriguez.jpg 1183w\" sizes=\"auto, (max-width: 150px) 100vw, 150px\" \/><b><i><br \/>\n<\/i><\/b>Deodoro Rodriguez, <a href=\"http:\/\/hispanolaval.com\/fr\/contactez-nous\/\">Pr\u00e9sident<\/a><\/p>\n<p><img loading=\"lazy\" decoding=\"async\" class=\"alignnone wp-image-3258 \" src=\"https:\/\/hispanolaval.com\/fr\/wp-content\/uploads\/2020\/09\/ginette-beaulieu-favorite-crop-225x300.jpg\" alt=\"\" width=\"150\" height=\"200\" srcset=\"https:\/\/hispanolaval.com\/fr\/wp-content\/uploads\/2020\/09\/ginette-beaulieu-favorite-crop-225x300.jpg 225w, https:\/\/hispanolaval.com\/fr\/wp-content\/uploads\/2020\/09\/ginette-beaulieu-favorite-crop.jpg 579w\" sizes=\"auto, (max-width: 150px) 100vw, 150px\" \/><br \/>\nGinette Beaulieu, <a href=\"http:\/\/hispanolaval.com\/fr\/contactez-nous\/\">Vice-pr\u00e9sident<\/a><\/p>\n<p><img loading=\"lazy\" decoding=\"async\" class=\"alignnone wp-image-3264 \" src=\"https:\/\/hispanolaval.com\/fr\/wp-content\/uploads\/2020\/09\/reine-martel-4x3-1-225x300.jpg\" alt=\"\" width=\"150\" height=\"200\" srcset=\"https:\/\/hispanolaval.com\/fr\/wp-content\/uploads\/2020\/09\/reine-martel-4x3-1-225x300.jpg 225w, https:\/\/hispanolaval.com\/fr\/wp-content\/uploads\/2020\/09\/reine-martel-4x3-1-768x1024.jpg 768w, https:\/\/hispanolaval.com\/fr\/wp-content\/uploads\/2020\/09\/reine-martel-4x3-1-600x800.jpg 600w, https:\/\/hispanolaval.com\/fr\/wp-content\/uploads\/2020\/09\/reine-martel-4x3-1.jpg 939w\" sizes=\"auto, (max-width: 150px) 100vw, 150px\" \/><br \/>\nReine Martel, <a href=\"http:\/\/hispanolaval.com\/fr\/contactez-nous\/\">Administrateur<\/a><\/p>\n<p><b style=\"font-size: 1em;\"><i><img loading=\"lazy\" decoding=\"async\" class=\"alignnone wp-image-3232 \" src=\"https:\/\/hispanolaval.com\/fr\/wp-content\/uploads\/2020\/09\/steve-e1601229194161.png\" alt=\"\" width=\"151\" height=\"199\" \/><\/i><\/b><br \/>\nSteve Edwards, <a href=\"http:\/\/hispanolaval.com\/fr\/contactez-nous\/\">Secr\u00e9taire<\/a><\/p>\n<p><img loading=\"lazy\" decoding=\"async\" class=\"alignnone wp-image-3284 \" style=\"font-size: 1em;\" src=\"https:\/\/hispanolaval.com\/fr\/wp-content\/uploads\/2020\/09\/PSX_20200928_205220-270x300.jpg\" alt=\"\" width=\"150\" height=\"167\" srcset=\"https:\/\/hispanolaval.com\/fr\/wp-content\/uploads\/2020\/09\/PSX_20200928_205220-270x300.jpg 270w, https:\/\/hispanolaval.com\/fr\/wp-content\/uploads\/2020\/09\/PSX_20200928_205220-768x853.jpg 768w, https:\/\/hispanolaval.com\/fr\/wp-content\/uploads\/2020\/09\/PSX_20200928_205220-600x667.jpg 600w, https:\/\/hispanolaval.com\/fr\/wp-content\/uploads\/2020\/09\/PSX_20200928_205220.jpg 899w\" sizes=\"auto, (max-width: 150px) 100vw, 150px\" \/><br \/>\nD<span style=\"font-size: 1em;\">a<\/span><span style=\"font-size: 1em;\">vid Tang, <\/span><a style=\"font-size: 1em;\" href=\"http:\/\/hispanolaval.com\/fr\/contactez-nous\/\">Administrateur<\/a><\/p>\n<p><img loading=\"lazy\" decoding=\"async\" class=\"alignnone wp-image-3281 \" src=\"https:\/\/hispanolaval.com\/fr\/wp-content\/uploads\/2020\/09\/Delfino-Mongiat-140.png\" alt=\"\" width=\"150\" height=\"196\" \/><br \/>\nDelfino Mongiat, <a href=\"http:\/\/hispanolaval.com\/fr\/contactez-nous\/\">Tr\u00e9sorier<\/a><\/p>\n<\/div>\n<\/div>\n<\/div>\n<\/div>\n<\/div>\n<\/div>\n","protected":false},"excerpt":{"rendered":"<p>Le conseil d\u2019administration 2025\/2026 vous souhaite la bienvenue. Alain Angulo, Pr\u00e9sident C\u2019est un honneur pour moi d\u2019avoir \u00e9t\u00e9 r\u00e9\u00e9lu \u00e0 la pr\u00e9sidence de l\u2019Association Hispanophone de Laval. Je poursuis avec enthousiasme notre mission, entour\u00e9 d\u2019une \u00e9quipe passionn\u00e9e, pour promouvoir la culture hispanophone et renforcer les liens entre les diff\u00e9rentes g\u00e9n\u00e9rations et origines. &nbsp; Line Beaucage, [&hellip;]<\/p>\n","protected":false},"author":1,"featured_media":0,"parent":0,"menu_order":0,"comment_status":"closed","ping_status":"closed","template":"","meta":{"_monsterinsights_skip_tracking":false,"_monsterinsights_sitenote_active":false,"_monsterinsights_sitenote_note":"","_monsterinsights_sitenote_category":0,"footnotes":""},"class_list":["post-351","page","type-page","status-publish","hentry"],"_links":{"self":[{"href":"https:\/\/hispanolaval.com\/fr\/wp-json\/wp\/v2\/pages\/351","targetHints":{"allow":["GET"]}}],"collection":[{"href":"https:\/\/hispanolaval.com\/fr\/wp-json\/wp\/v2\/pages"}],"about":[{"href":"https:\/\/hispanolaval.com\/fr\/wp-json\/wp\/v2\/types\/page"}],"author":[{"embeddable":true,"href":"https:\/\/hispanolaval.com\/fr\/wp-json\/wp\/v2\/users\/1"}],"replies":[{"embeddable":true,"href":"https:\/\/hispanolaval.com\/fr\/wp-json\/wp\/v2\/comments?post=351"}],"version-history":[{"count":50,"href":"https:\/\/hispanolaval.com\/fr\/wp-json\/wp\/v2\/pages\/351\/revisions"}],"predecessor-version":[{"id":5075,"href":"https:\/\/hispanolaval.com\/fr\/wp-json\/wp\/v2\/pages\/351\/revisions\/5075"}],"wp:attachment":[{"href":"https:\/\/hispanolaval.com\/fr\/wp-json\/wp\/v2\/media?parent=351"}],"curies":[{"name":"wp","href":"https:\/\/api.w.org\/{rel}","templated":true}]}}