{"id":361,"date":"2016-10-21T02:01:02","date_gmt":"2016-10-21T02:01:02","guid":{"rendered":"http:\/\/hispanolaval.com\/fr\/?page_id=361"},"modified":"2016-11-05T23:03:58","modified_gmt":"2016-11-05T23:03:58","slug":"qui-nous-sommes","status":"publish","type":"page","link":"https:\/\/hispanolaval.com\/fr\/qui-nous-sommes\/","title":{"rendered":"Mission"},"content":{"rendered":"<h2 style=\"text-align: left;\" align=\"center\">Sa raison d&#8217;\u00eatre<\/h2>\n<ul>\n<li>\n<p align=\"justify\">Promouvoir l&#8217;int\u00e9gration des hispanophones \u00e0 la soci\u00e9t\u00e9 lavalloise en particulier et qu\u00e9b\u00e9coise en g\u00e9n\u00e9ral.<\/p>\n<\/li>\n<li>\n<p align=\"justify\">Diffuser la culture et la langue castillanes.<\/p>\n<\/li>\n<li>\n<p align=\"justify\">Cr\u00e9er un centre d&#8217;interaction culturelle entre les membres des diff\u00e9rentes origines.<\/p>\n<\/li>\n<\/ul>\n<h2 align=\"justify\">Historique<\/h2>\n<p align=\"justify\">Fond\u00e9e en 1994, l&#8217;Association hispanophone de Laval est un organisme dont l&#8217;objectif principal est de faciliter l&#8217;int\u00e9gration des hispanophones de Laval.<\/p>\n<p align=\"justify\">Sa croissance rapide a contribu\u00e9 \u00e0 repousser ses limites g\u00e9ographiques et les diff\u00e9rentes origines de ses membres en font une association multiculturelle.<\/p>\n<p align=\"justify\">Ses membres sont originaires de l&#8217;Am\u00e9rique latine, de l&#8217;Europe et du Qu\u00e9bec.\u00a0 Tous sont unis par le d\u00e9sir d&#8217;\u00e9changer, d&#8217;apprendre ou encore pour certains de pratiquer la langue espagnole.<\/p>\n<p align=\"justify\">L&#8217;Association hispanophone de Laval est une association sans but lucratif qui ne fait aucune discrimination raciale, politique ou religieuse.<\/p>\n","protected":false},"excerpt":{"rendered":"<p>Sa raison d&#8217;\u00eatre Promouvoir l&#8217;int\u00e9gration des hispanophones \u00e0 la soci\u00e9t\u00e9 lavalloise en particulier et qu\u00e9b\u00e9coise en g\u00e9n\u00e9ral. Diffuser la culture et la langue castillanes. Cr\u00e9er un centre d&#8217;interaction culturelle entre les membres des diff\u00e9rentes origines. Historique Fond\u00e9e en 1994, l&#8217;Association hispanophone de Laval est un organisme dont l&#8217;objectif principal est de faciliter l&#8217;int\u00e9gration des hispanophones [&hellip;]<\/p>\n","protected":false},"author":1,"featured_media":0,"parent":0,"menu_order":0,"comment_status":"closed","ping_status":"closed","template":"","meta":{"_monsterinsights_skip_tracking":false,"_monsterinsights_sitenote_active":false,"_monsterinsights_sitenote_note":"","_monsterinsights_sitenote_category":0,"footnotes":""},"class_list":["post-361","page","type-page","status-publish","hentry"],"_links":{"self":[{"href":"https:\/\/hispanolaval.com\/fr\/wp-json\/wp\/v2\/pages\/361","targetHints":{"allow":["GET"]}}],"collection":[{"href":"https:\/\/hispanolaval.com\/fr\/wp-json\/wp\/v2\/pages"}],"about":[{"href":"https:\/\/hispanolaval.com\/fr\/wp-json\/wp\/v2\/types\/page"}],"author":[{"embeddable":true,"href":"https:\/\/hispanolaval.com\/fr\/wp-json\/wp\/v2\/users\/1"}],"replies":[{"embeddable":true,"href":"https:\/\/hispanolaval.com\/fr\/wp-json\/wp\/v2\/comments?post=361"}],"version-history":[{"count":4,"href":"https:\/\/hispanolaval.com\/fr\/wp-json\/wp\/v2\/pages\/361\/revisions"}],"predecessor-version":[{"id":631,"href":"https:\/\/hispanolaval.com\/fr\/wp-json\/wp\/v2\/pages\/361\/revisions\/631"}],"wp:attachment":[{"href":"https:\/\/hispanolaval.com\/fr\/wp-json\/wp\/v2\/media?parent=361"}],"curies":[{"name":"wp","href":"https:\/\/api.w.org\/{rel}","templated":true}]}}