{"id":604,"date":"2016-11-05T21:07:01","date_gmt":"2016-11-05T21:07:01","guid":{"rendered":"http:\/\/hispanolaval.com\/fr\/?page_id=604"},"modified":"2018-10-22T22:31:46","modified_gmt":"2018-10-22T22:31:46","slug":"benevoles","status":"publish","type":"page","link":"https:\/\/hispanolaval.com\/fr\/benevoles\/","title":{"rendered":"B\u00e9n\u00e9voles"},"content":{"rendered":"<p>Nous tenons \u00e0 remercier tous les b\u00e9n\u00e9voles actuels qui donnent plusieurs heures de leur temps pour l&#8217;avancement de l&#8217;Association hispanophone de Laval.<\/p>\n<p>MERCI<\/p>\n<h3><span style=\"font-weight: 400;\">L\u2019Association Hispanophone de Laval est \u00e0 LA recherche de b\u00e9n\u00e9voles avec de l&#8217;exp\u00e9rience dans uNe des T\u00e2ches suivantes :<\/span><\/h3>\n<ul>\n<li style=\"font-weight: 400;\"><span style=\"font-weight: 400;\">Chiffriers de style Excel ou Google sheets<\/span>\n<ul>\n<li style=\"font-weight: 400;\"><span style=\"font-weight: 400;\">Copier et coller des donn\u00e9es<\/span><\/li>\n<li style=\"font-weight: 400;\"><span style=\"font-weight: 400;\">G\u00e9rer les listes de donn\u00e9es\u00a0<\/span><\/li>\n<\/ul>\n<\/li>\n<li style=\"font-weight: 400;\"><span style=\"font-weight: 400;\">Envois massifs par\u00a0MailChimp \u00a0<\/span>\n<ul>\n<li style=\"font-weight: 400;\"><span style=\"font-weight: 400;\">Importer les listes de membres \u00e0 jour<\/span><\/li>\n<\/ul>\n<\/li>\n<li style=\"font-weight: 400;\"><span style=\"font-weight: 400;\">Page Facebook <\/span>\n<ul>\n<li style=\"font-weight: 400;\"><span style=\"font-weight: 400;\">Cr\u00e9er des \u00e9v\u00e9nements<\/span><\/li>\n<li style=\"font-weight: 400;\"><span style=\"font-weight: 400;\">Poster, commenter, reposter les posts de visiteurs<\/span><\/li>\n<li style=\"font-weight: 400;\"><span style=\"font-weight: 400;\">R\u00e9pondre aux notifications <\/span><\/li>\n<li style=\"font-weight: 400;\"><span style=\"font-weight: 400;\">R\u00e9pondre aux demandes dans la bo\u00eete de r\u00e9ception (Inbox)<\/span><\/li>\n<\/ul>\n<\/li>\n<li style=\"font-weight: 400;\"><span style=\"font-weight: 400;\">Groupes Facebook <\/span>\n<ul>\n<li style=\"font-weight: 400;\"><span style=\"font-weight: 400;\">Approuver, mod\u00e9rer, fournir posts et commenter au besoin<\/span><\/li>\n<li style=\"font-weight: 400;\"><span style=\"font-weight: 400;\">Faire parvenir des messages au groupe Alerte Intercambio Ling\u00fc\u00edstico par\u00a0Messenger <\/span><\/li>\n<li style=\"font-weight: 400;\"><span style=\"font-weight: 400;\">Ajouter les nouveaux membres<\/span><\/li>\n<li style=\"font-weight: 400;\"><span style=\"font-weight: 400;\">Pr\u00e9parer les messages d\u2019urgence au besoin<\/span><\/li>\n<\/ul>\n<\/li>\n<li style=\"font-weight: 400;\"><span style=\"font-weight: 400;\">Clavarder avec les clients et les visiteurs dans\u00a0Messenger <\/span><\/li>\n<li style=\"font-weight: 400;\"><span style=\"font-weight: 400;\">R\u00e9pondre aux demandes d&#8217;info par courriel (Gmail)<\/span><\/li>\n<\/ul>\n<p><span style=\"font-size: 1em;\">Veuillez compl\u00e9ter le formulaire pour offrir de votre temps comme b\u00e9n\u00e9vole et indiquer\u00a0vos int\u00e9r\u00eats ou comp\u00e9tences particuli\u00e8res.<\/span><\/p>\n                <div id=\"rcf-contact-form-display\">                    \r\n                   <form id=\"feedback\" method=\"post\" action=\"\/fr\/wp-json\/wp\/v2\/pages\/604#rcf-contact-form-display\">\r\n                        <p><label for=\"name\">Nom (required) : <\/label><br><input type=\"text\" id=\"rcf-name\" name=\"rcf-name\" class=\"rcf-form\" placeholder=\"\" value=\"\"><\/p><p><label for=\"subject\">Sujet (required) : <\/label><br><input type=\"text\" id=\"rcf-subject\" name=\"rcf-subject\" class=\"rcf-form\" placeholder=\"\" value=\"\"><\/p><p><label for=\"email\">Email (required) : <\/label><br><input type=\"email\" id=\"rcf-email\" name=\"rcf-email\" class=\"rcf-form\" placeholder=\"\" value=\"\"><\/p><p><label for=\"message\">Message (required) : <\/label><br><textarea id=\"rcf-message\" name=\"rcf-message\" class=\"rcf-form\" col=\"60\" rows=\"8\" placeholder=\"\"><\/textarea><\/p>                <div class=\"rcf-google-recaptcha\">\r\n                    <div class=\"g-recaptcha\" data-sitekey=\"6LcOhQoUAAAAAAmMho0usrGZxOfjy55TBlUon1Ws\"><\/div>\r\n                <\/div>  <p><input type=\"submit\" id=\"rcf-submit\" name=\"rcf_submit\" class=\"rcf-form\" value=envoyer><\/p>\r\n            <\/form>\r\n            <\/div>\r\n            \n","protected":false},"excerpt":{"rendered":"<p>Nous tenons \u00e0 remercier tous les b\u00e9n\u00e9voles actuels qui donnent plusieurs heures de leur temps pour l&#8217;avancement de l&#8217;Association hispanophone de Laval. MERCI L\u2019Association Hispanophone de Laval est \u00e0 LA recherche de b\u00e9n\u00e9voles avec de l&#8217;exp\u00e9rience dans uNe des T\u00e2ches suivantes : Chiffriers de style Excel ou Google sheets Copier et coller des donn\u00e9es G\u00e9rer [&hellip;]<\/p>\n","protected":false},"author":1,"featured_media":0,"parent":0,"menu_order":0,"comment_status":"closed","ping_status":"closed","template":"","meta":{"_monsterinsights_skip_tracking":false,"_monsterinsights_sitenote_active":false,"_monsterinsights_sitenote_note":"","_monsterinsights_sitenote_category":0,"footnotes":""},"class_list":["post-604","page","type-page","status-publish","hentry"],"_links":{"self":[{"href":"https:\/\/hispanolaval.com\/fr\/wp-json\/wp\/v2\/pages\/604","targetHints":{"allow":["GET"]}}],"collection":[{"href":"https:\/\/hispanolaval.com\/fr\/wp-json\/wp\/v2\/pages"}],"about":[{"href":"https:\/\/hispanolaval.com\/fr\/wp-json\/wp\/v2\/types\/page"}],"author":[{"embeddable":true,"href":"https:\/\/hispanolaval.com\/fr\/wp-json\/wp\/v2\/users\/1"}],"replies":[{"embeddable":true,"href":"https:\/\/hispanolaval.com\/fr\/wp-json\/wp\/v2\/comments?post=604"}],"version-history":[{"count":6,"href":"https:\/\/hispanolaval.com\/fr\/wp-json\/wp\/v2\/pages\/604\/revisions"}],"predecessor-version":[{"id":2455,"href":"https:\/\/hispanolaval.com\/fr\/wp-json\/wp\/v2\/pages\/604\/revisions\/2455"}],"wp:attachment":[{"href":"https:\/\/hispanolaval.com\/fr\/wp-json\/wp\/v2\/media?parent=604"}],"curies":[{"name":"wp","href":"https:\/\/api.w.org\/{rel}","templated":true}]}}