{"id":897,"date":"2016-11-08T03:48:45","date_gmt":"2016-11-08T03:48:45","guid":{"rendered":"http:\/\/hispanolaval.com\/fr\/?page_id=897&#038;lang=es"},"modified":"2016-11-08T03:56:24","modified_gmt":"2016-11-08T03:56:24","slug":"mission","status":"publish","type":"page","link":"https:\/\/hispanolaval.com\/fr\/mission\/?lang=es","title":{"rendered":"Mission"},"content":{"rendered":"<h2 style=\"text-align: left;\" align=\"center\"><b>Su raz\u00f3n de ser<\/b><\/h2>\n<ul>\n<li>\n<p align=\"justify\">Promover la integraci\u00f3n de los hispanohablantes en la comunidad de Laval en particular y de Qu\u00e9bec en general.<\/p>\n<\/li>\n<li>\n<p align=\"justify\">Difundir la cultura y la lengua castellanas.<\/p>\n<\/li>\n<li>\n<p align=\"justify\">Crear un centro de interacci\u00f3n cultural entre los miembros de diferentes or\u00edgenes.<\/p>\n<\/li>\n<\/ul>\n<h2 align=\"justify\">Historia<\/h2>\n<p><span style=\"color: #666633; font-size: large;\"><b>Qui\u00e9nes somos<\/b><\/span><\/p>\n<div align=\"left\">\n<p align=\"center\"><b>\u00bfQu\u00e9 es la <i>Association Hispanophone de Laval<\/i>?<\/b><\/p>\n<p align=\"justify\">Fundada en 1994, la <i>Association hispanophone de Laval <\/i>tiene como objetivo principal de ayudar a la integraci\u00f3n de los hispanohablantes de Laval.<\/p>\n<p align=\"justify\">El r\u00e1pido crecimiento ha contribuido a la extensi\u00f3n de sus l\u00edmites geogr\u00e1ficos y los diferentes or\u00edgenes de sus miembros la han transformado en una asociaci\u00f3n multicultural.<\/p>\n<p align=\"justify\">Actualmente, la <i>Association hispanophone de Laval <\/i>cuenta miembros procedentes de Am\u00e9rica Latina, Europa y Quebec, todos unidos con el prop\u00f3sito de intercambiar, aprender y para algunos de practicar la lengua &#8221;castellana&#8221;(espa\u00f1ol).<\/p>\n<p align=\"justify\">La <i>Association hispanophone de Laval <\/i>es una asociaci\u00f3n sin fines de lucro y que no hace proselitismo racial, pol\u00edtico ni religioso.<\/p>\n<\/div>\n","protected":false},"excerpt":{"rendered":"<p>Su raz\u00f3n de ser Promover la integraci\u00f3n de los hispanohablantes en la comunidad de Laval en particular y de Qu\u00e9bec en general. Difundir la cultura y la lengua castellanas. Crear un centro de interacci\u00f3n cultural entre los miembros de diferentes or\u00edgenes. Historia Qui\u00e9nes somos \u00bfQu\u00e9 es la Association Hispanophone de Laval? Fundada en 1994, la [&hellip;]<\/p>\n","protected":false},"author":1,"featured_media":0,"parent":0,"menu_order":0,"comment_status":"closed","ping_status":"closed","template":"","meta":{"_monsterinsights_skip_tracking":false,"_monsterinsights_sitenote_active":false,"_monsterinsights_sitenote_note":"","_monsterinsights_sitenote_category":0,"footnotes":""},"class_list":["post-897","page","type-page","status-publish","hentry"],"_links":{"self":[{"href":"https:\/\/hispanolaval.com\/fr\/wp-json\/wp\/v2\/pages\/897","targetHints":{"allow":["GET"]}}],"collection":[{"href":"https:\/\/hispanolaval.com\/fr\/wp-json\/wp\/v2\/pages"}],"about":[{"href":"https:\/\/hispanolaval.com\/fr\/wp-json\/wp\/v2\/types\/page"}],"author":[{"embeddable":true,"href":"https:\/\/hispanolaval.com\/fr\/wp-json\/wp\/v2\/users\/1"}],"replies":[{"embeddable":true,"href":"https:\/\/hispanolaval.com\/fr\/wp-json\/wp\/v2\/comments?post=897"}],"version-history":[{"count":2,"href":"https:\/\/hispanolaval.com\/fr\/wp-json\/wp\/v2\/pages\/897\/revisions"}],"predecessor-version":[{"id":901,"href":"https:\/\/hispanolaval.com\/fr\/wp-json\/wp\/v2\/pages\/897\/revisions\/901"}],"wp:attachment":[{"href":"https:\/\/hispanolaval.com\/fr\/wp-json\/wp\/v2\/media?parent=897"}],"curies":[{"name":"wp","href":"https:\/\/api.w.org\/{rel}","templated":true}]}}