{"id":915,"date":"2016-11-08T04:21:24","date_gmt":"2016-11-08T04:21:24","guid":{"rendered":"http:\/\/hispanolaval.com\/fr\/?page_id=915&#038;lang=es"},"modified":"2018-11-18T17:48:19","modified_gmt":"2018-11-18T17:48:19","slug":"devenir-membre","status":"publish","type":"page","link":"https:\/\/hispanolaval.com\/fr\/devenir-membre\/?lang=es","title":{"rendered":"Unirse a Hispanolaval"},"content":{"rendered":"<p><img loading=\"lazy\" decoding=\"async\" class=\"alignleft wp-image-36 size-full\" src=\"http:\/\/hispanolaval.com\/fr\/wp-content\/uploads\/2016\/10\/photo_2.jpg\" alt=\"photo_2\" width=\"333\" height=\"250\" srcset=\"https:\/\/hispanolaval.com\/fr\/wp-content\/uploads\/2016\/10\/photo_2.jpg 333w, https:\/\/hispanolaval.com\/fr\/wp-content\/uploads\/2016\/10\/photo_2-300x225.jpg 300w\" sizes=\"auto, (max-width: 333px) 100vw, 333px\" \/><\/p>\n<h1><a href=\"http:\/\/hispanolaval.com\/fr\/produit\/tarjeta-de-membre\/?lang=es\">Compre aqu\u00ed una tarjeta de membrec\u00eda<\/a><\/h1>\n<p>Podr\u00e1 <a href=\"http:\/\/hispanolaval.com\/fr\/produit\/tarjeta-de-membre\/?lang=es\">comprar su tarjeta de inmediato.<\/a><br \/>\n<a style=\"font-family: 'Open Sans', sans-serif; font-size: 1em; text-decoration-line: underline;\" href=\"https:\/\/hispanolaval.com\/fr\/producto\/tarjeta-de-membre\/?lang=es\"><img loading=\"lazy\" decoding=\"async\" class=\"alignnone wp-image-556\" src=\"https:\/\/hispanolaval.com\/fr\/wp-content\/uploads\/2016\/10\/carte-de-membre-CARR\u00c9-150x150-1.png\" alt=\"\" width=\"113\" height=\"60\" srcset=\"https:\/\/hispanolaval.com\/fr\/wp-content\/uploads\/2016\/10\/carte-de-membre-CARR\u00c9-150x150-1.png 1045w, https:\/\/hispanolaval.com\/fr\/wp-content\/uploads\/2016\/10\/carte-de-membre-CARR\u00c9-150x150-1-600x319.png 600w, https:\/\/hispanolaval.com\/fr\/wp-content\/uploads\/2016\/10\/carte-de-membre-CARR\u00c9-150x150-1-300x159.png 300w, https:\/\/hispanolaval.com\/fr\/wp-content\/uploads\/2016\/10\/carte-de-membre-CARR\u00c9-150x150-1-768x408.png 768w, https:\/\/hispanolaval.com\/fr\/wp-content\/uploads\/2016\/10\/carte-de-membre-CARR\u00c9-150x150-1-1024x544.png 1024w\" sizes=\"auto, (max-width: 113px) 100vw, 113px\" \/><\/a><\/p>\n<h1>Otras maneras de unirse a Hispanolaval<\/h1>\n<p>Si desea inscribirse imprima <a href=\"http:\/\/hispanolaval.com\/fr\/wp-content\/uploads\/2016\/10\/AHL-2016_membre.pdf\">el formulario<\/a> y env\u00edelo por correo.\u00a0El monto de la inscripci\u00f3n es de\u00a0$ 30. Hacer el cheque a nombre de Association Hispanophone de Laval y enviarlo por correo junto a formulario a la direcci\u00f3n inscrita en el mismo o llevarlos al pr\u00f3ximo evento o actividad.\u00a0<em>Nuestra direcci\u00f3n postal es:<\/em><\/p>\n<p><em>Association Hispanophone de Laval<\/em><br \/>\n<em>1450 boul. Pie-X<\/em><br \/>\n<em> Laval (Qu\u00e9bec) H7V 3C1<\/em><\/p>\n<p>Le enviaremos su tarjeta de miembro a vuelta de correo.<\/p>\n<p><strong>\u00bfLe interesar\u00eda ser miembro de nuestra asociaci\u00f3n?<\/strong><\/p>\n<p>Con un aporte\u00a0 de $ 30 anuales, los miembros pueden asistir gratis a todas\u00a0 las actividades normales como conferencias, intercambios, cine-club y otras m\u00e1s a lo largo del a\u00f1o.<\/p>\n<p><em>Solo algunas actividades como los cursos de espa\u00f1ol, danza u\u00a0otros eventos\u00a0no podr\u00edan llevarse a cabo sin la contribuci\u00f3n econ\u00f3mica\u00a0de los participantes.<\/em><\/p>\n<p>&nbsp;<\/p>\n<p>&nbsp;<\/p>\n","protected":false},"excerpt":{"rendered":"<p>Compre aqu\u00ed una tarjeta de membrec\u00eda Podr\u00e1 comprar su tarjeta de inmediato. Otras maneras de unirse a Hispanolaval Si desea inscribirse imprima el formulario y env\u00edelo por correo.\u00a0El monto de la inscripci\u00f3n es de\u00a0$ 30. Hacer el cheque a nombre de Association Hispanophone de Laval y enviarlo por correo junto a formulario a la direcci\u00f3n [&hellip;]<\/p>\n","protected":false},"author":1,"featured_media":0,"parent":0,"menu_order":0,"comment_status":"closed","ping_status":"closed","template":"","meta":{"_monsterinsights_skip_tracking":false,"_monsterinsights_sitenote_active":false,"_monsterinsights_sitenote_note":"","_monsterinsights_sitenote_category":0,"footnotes":""},"class_list":["post-915","page","type-page","status-publish","hentry"],"_links":{"self":[{"href":"https:\/\/hispanolaval.com\/fr\/wp-json\/wp\/v2\/pages\/915","targetHints":{"allow":["GET"]}}],"collection":[{"href":"https:\/\/hispanolaval.com\/fr\/wp-json\/wp\/v2\/pages"}],"about":[{"href":"https:\/\/hispanolaval.com\/fr\/wp-json\/wp\/v2\/types\/page"}],"author":[{"embeddable":true,"href":"https:\/\/hispanolaval.com\/fr\/wp-json\/wp\/v2\/users\/1"}],"replies":[{"embeddable":true,"href":"https:\/\/hispanolaval.com\/fr\/wp-json\/wp\/v2\/comments?post=915"}],"version-history":[{"count":16,"href":"https:\/\/hispanolaval.com\/fr\/wp-json\/wp\/v2\/pages\/915\/revisions"}],"predecessor-version":[{"id":922,"href":"https:\/\/hispanolaval.com\/fr\/wp-json\/wp\/v2\/pages\/915\/revisions\/922"}],"wp:attachment":[{"href":"https:\/\/hispanolaval.com\/fr\/wp-json\/wp\/v2\/media?parent=915"}],"curies":[{"name":"wp","href":"https:\/\/api.w.org\/{rel}","templated":true}]}}