{"id":918,"date":"2016-11-05T21:08:25","date_gmt":"2016-11-05T21:08:25","guid":{"rendered":"http:\/\/hispanolaval.com\/fr\/?page_id=918&#038;lang=es"},"modified":"2023-11-28T03:29:52","modified_gmt":"2023-11-28T03:29:52","slug":"partenariats","status":"publish","type":"page","link":"https:\/\/hispanolaval.com\/fr\/partenariats\/?lang=es","title":{"rendered":"Socios"},"content":{"rendered":"<p>Nuestros socios que proporcionan nuestro \u00e9xito de todos los d\u00edas.<\/p>\n\n\t\t<style type=\"text\/css\">\n\t\t\t#gallery-1 {\n\t\t\t\tmargin: auto;\n\t\t\t}\n\t\t\t#gallery-1 .gallery-item {\n\t\t\t\tfloat: left;\n\t\t\t\tmargin-top: 10px;\n\t\t\t\ttext-align: center;\n\t\t\t\twidth: 50%;\n\t\t\t}\n\t\t\t#gallery-1 img {\n\t\t\t\tborder: 2px solid #cfcfcf;\n\t\t\t}\n\t\t\t#gallery-1 .gallery-caption {\n\t\t\t\tmargin-left: 0;\n\t\t\t}\n\t\t\t\/* see gallery_shortcode() in wp-includes\/media.php *\/\n\t\t<\/style>\n\t\t<div id='gallery-1' class='gallery galleryid-918 gallery-columns-2 gallery-size-medium'><dl class='gallery-item'>\n\t\t\t<dt class='gallery-icon landscape'>\n\t\t\t\t<a href='https:\/\/hispanolaval.com\/fr\/partenariats\/cecilia-macedo\/'><img loading=\"lazy\" decoding=\"async\" width=\"300\" height=\"194\" src=\"https:\/\/hispanolaval.com\/fr\/wp-content\/uploads\/2023\/11\/Cecilia-Macedo-1-300x194.png\" class=\"attachment-medium size-medium\" alt=\"\" srcset=\"https:\/\/hispanolaval.com\/fr\/wp-content\/uploads\/2023\/11\/Cecilia-Macedo-1-300x194.png 300w, https:\/\/hispanolaval.com\/fr\/wp-content\/uploads\/2023\/11\/Cecilia-Macedo-1-768x495.png 768w, https:\/\/hispanolaval.com\/fr\/wp-content\/uploads\/2023\/11\/Cecilia-Macedo-1-600x387.png 600w, https:\/\/hispanolaval.com\/fr\/wp-content\/uploads\/2023\/11\/Cecilia-Macedo-1.png 1000w\" sizes=\"auto, (max-width: 300px) 100vw, 300px\" \/><\/a>\n\t\t\t<\/dt><\/dl><dl class='gallery-item'>\n\t\t\t<dt class='gallery-icon landscape'>\n\t\t\t\t<a href='https:\/\/hispanolaval.com\/fr\/partenariats\/sandra-el-helou-3\/'><img loading=\"lazy\" decoding=\"async\" width=\"300\" height=\"194\" src=\"https:\/\/hispanolaval.com\/fr\/wp-content\/uploads\/2023\/11\/Sandra-El-Helou-1-300x194.png\" class=\"attachment-medium size-medium\" alt=\"\" srcset=\"https:\/\/hispanolaval.com\/fr\/wp-content\/uploads\/2023\/11\/Sandra-El-Helou-1-300x194.png 300w, https:\/\/hispanolaval.com\/fr\/wp-content\/uploads\/2023\/11\/Sandra-El-Helou-1-1024x661.png 1024w, https:\/\/hispanolaval.com\/fr\/wp-content\/uploads\/2023\/11\/Sandra-El-Helou-1-768x496.png 768w, https:\/\/hispanolaval.com\/fr\/wp-content\/uploads\/2023\/11\/Sandra-El-Helou-1-600x387.png 600w, https:\/\/hispanolaval.com\/fr\/wp-content\/uploads\/2023\/11\/Sandra-El-Helou-1.png 1250w\" sizes=\"auto, (max-width: 300px) 100vw, 300px\" \/><\/a>\n\t\t\t<\/dt><\/dl><br style=\"clear: both\" \/>\n\t\t<\/div>\n\n<p style=\"text-align: center;\">Consejales de la municipalidad de Laval, Quebec, Canad\u00e1<\/p>\n<div style=\"width: 758px\" class=\"wp-caption aligncenter\"><img loading=\"lazy\" decoding=\"async\" class=\"\" src=\"http:\/\/carrefourintercultures.com\/images\/carrefour_7R2C1.jpg\" alt=\"\" width=\"748\" height=\"117\" \/><p class=\"wp-caption-text\">Carrefour d&#8217;Intercultures de Laval\u00a0&#8211;\u00a0Acogida, integraci\u00f3n y asentamiento de nuevos inmigrantes<\/p><\/div>\n<div id=\"attachment_1059\" style=\"width: 358px\" class=\"wp-caption aligncenter\"><a href=\"http:\/\/www.cesarcom.com\/\"><img loading=\"lazy\" decoding=\"async\" aria-describedby=\"caption-attachment-1059\" class=\"wp-image-1060\" src=\"https:\/\/hispanolaval.com\/fr\/wp-content\/uploads\/2016\/11\/graphoteque-cesar.png\" alt=\"Graphoteque-cesar\" width=\"348\" height=\"120\" srcset=\"https:\/\/hispanolaval.com\/fr\/wp-content\/uploads\/2016\/11\/graphoteque-cesar.png 864w, https:\/\/hispanolaval.com\/fr\/wp-content\/uploads\/2016\/11\/graphoteque-cesar-600x207.png 600w, https:\/\/hispanolaval.com\/fr\/wp-content\/uploads\/2016\/11\/graphoteque-cesar-300x103.png 300w, https:\/\/hispanolaval.com\/fr\/wp-content\/uploads\/2016\/11\/graphoteque-cesar-768x265.png 768w\" sizes=\"auto, (max-width: 348px) 100vw, 348px\" \/><\/a><p id=\"caption-attachment-1059\" class=\"wp-caption-text\">Graphot\u00e8que-C\u00e9sar<\/p><\/div>\n<div id=\"attachment_1070\" style=\"width: 359px\" class=\"wp-caption aligncenter\"><a href=\"https:\/\/www.laval.ca\/Pages\/Fr\/accueil.aspx\"><img loading=\"lazy\" decoding=\"async\" aria-describedby=\"caption-attachment-1070\" class=\"wp-image-1071\" src=\"https:\/\/hispanolaval.com\/fr\/wp-content\/uploads\/2016\/11\/Capture.png\" alt=\"capture\" width=\"349\" height=\"161\" \/><\/a><p id=\"caption-attachment-1070\" class=\"wp-caption-text\">Municipalidad de Laval<\/p><\/div>\n<div style=\"width: 821px\" class=\"wp-caption aligncenter\"><a style=\"font-size: 1em;\" href=\"https:\/\/wpml.org\/?aid=163118&amp;affiliate_key=mSIfiYmDbqF2\"><img loading=\"lazy\" decoding=\"async\" src=\"https:\/\/d2salfytceyqoe.cloudfront.net\/wp-content\/themes\/sitepress\/banners\/images\/wpml_banner_v1_468x60_en.jpeg\" alt=\"Multilingual WordPress\" width=\"811\" height=\"104\" \/><\/a><p class=\"wp-caption-text\">WPML &#8211; L&#8217;outil qui rend notre site multilingue.<\/p><\/div>\n<p style=\"text-align: center;\"><img loading=\"lazy\" decoding=\"async\" class=\"wp-image-784 aligncenter\" src=\"https:\/\/hispanolaval.com\/fr\/wp-content\/uploads\/2016\/10\/librairie.jpg\" alt=\"librairie\" width=\"338\" height=\"205\" srcset=\"https:\/\/hispanolaval.com\/fr\/wp-content\/uploads\/2016\/10\/librairie.jpg 270w, https:\/\/hispanolaval.com\/fr\/wp-content\/uploads\/2016\/10\/librairie-150x91.jpg 150w\" sizes=\"auto, (max-width: 338px) 100vw, 338px\" \/><span style=\"font-size: 1em;\">Las Am\u00e9ricas &#8211; Libros en\u00a0<\/span>espa\u00f1ol<\/p>\n<p style=\"text-align: center;\"><a href=\"https:\/\/hispanolaval.com\/fr\/wp-content\/uploads\/2016\/10\/bernard.jpg\"><img loading=\"lazy\" decoding=\"async\" class=\"alignnone wp-image-778\" src=\"https:\/\/hispanolaval.com\/fr\/wp-content\/uploads\/2016\/10\/bernard.jpg\" alt=\"bernard\" width=\"350\" height=\"213\" srcset=\"https:\/\/hispanolaval.com\/fr\/wp-content\/uploads\/2016\/10\/bernard.jpg 270w, https:\/\/hispanolaval.com\/fr\/wp-content\/uploads\/2016\/10\/bernard-150x91.jpg 150w\" sizes=\"auto, (max-width: 350px) 100vw, 350px\" \/><br \/>\nBernard Vaillantcourt &#8211; Traductor espa\u00f1ol\/ingl\u00e9s\/frans\u00e9s<\/a><\/p>\n","protected":false},"excerpt":{"rendered":"<p>Nuestros socios que proporcionan nuestro \u00e9xito de todos los d\u00edas. Consejales de la municipalidad de Laval, Quebec, Canad\u00e1 Las Am\u00e9ricas &#8211; Libros en\u00a0espa\u00f1ol Bernard Vaillantcourt &#8211; Traductor espa\u00f1ol\/ingl\u00e9s\/frans\u00e9s<\/p>\n","protected":false},"author":1,"featured_media":0,"parent":0,"menu_order":0,"comment_status":"closed","ping_status":"closed","template":"","meta":{"_monsterinsights_skip_tracking":false,"_monsterinsights_sitenote_active":false,"_monsterinsights_sitenote_note":"","_monsterinsights_sitenote_category":0,"footnotes":""},"class_list":["post-918","page","type-page","status-publish","hentry"],"_links":{"self":[{"href":"https:\/\/hispanolaval.com\/fr\/wp-json\/wp\/v2\/pages\/918","targetHints":{"allow":["GET"]}}],"collection":[{"href":"https:\/\/hispanolaval.com\/fr\/wp-json\/wp\/v2\/pages"}],"about":[{"href":"https:\/\/hispanolaval.com\/fr\/wp-json\/wp\/v2\/types\/page"}],"author":[{"embeddable":true,"href":"https:\/\/hispanolaval.com\/fr\/wp-json\/wp\/v2\/users\/1"}],"replies":[{"embeddable":true,"href":"https:\/\/hispanolaval.com\/fr\/wp-json\/wp\/v2\/comments?post=918"}],"version-history":[{"count":10,"href":"https:\/\/hispanolaval.com\/fr\/wp-json\/wp\/v2\/pages\/918\/revisions"}],"predecessor-version":[{"id":4654,"href":"https:\/\/hispanolaval.com\/fr\/wp-json\/wp\/v2\/pages\/918\/revisions\/4654"}],"wp:attachment":[{"href":"https:\/\/hispanolaval.com\/fr\/wp-json\/wp\/v2\/media?parent=918"}],"curies":[{"name":"wp","href":"https:\/\/api.w.org\/{rel}","templated":true}]}}