{"id":1828,"date":"2016-10-20T15:37:48","date_gmt":"2016-10-20T15:37:48","guid":{"rendered":"http:\/\/hispanolaval.com\/fr\/produit\/tarjeta-de-membre\/"},"modified":"2023-08-16T04:51:17","modified_gmt":"2023-08-16T04:51:17","slug":"tarjeta-de-membre","status":"publish","type":"product","link":"https:\/\/hispanolaval.com\/fr\/shop\/tarjeta-de-membre\/?lang=es","title":{"rendered":"Tarjeta de miembro 2024"},"content":{"rendered":"<p>Recibir\u00e1 una tarjeta de membres\u00eda de la <em>l&#8217;association hispanophone de\u00a0<\/em><i>Laval<\/i>\u00a0 v\u00e1lida por 12 meses, de enero a diciembre.<\/p>\n<p>Esto le permitir\u00e1 participar en diversas actividades de la asociaci\u00f3n.<\/p>\n<p>Si compra su tarjeta de membres\u00eda entre el 1 de agosto y el 31 de octubre, recibir\u00e1 autom\u00e1ticamente un descuento en la tarjeta de membres\u00eda para el a\u00f1o en curso.<\/p>\n<p>Si compras la tarjeta de membres\u00eda despu\u00e9s del 1 de noviembre recibir\u00e1s 14 meses de acceso a los servicios, por lo que se activar\u00e1 de inmediato y se aplicar\u00e1 al a\u00f1o siguiente en su totalidad.<\/p>\n","protected":false},"excerpt":{"rendered":"<h4 style=\"text-align: center;\"><strong><em>La tarjeta de membres\u00eda le da acceso a las actividades de la l&#8217;Association Hispanophone de Laval por 12 meses.<\/em><\/strong><\/h4>\n<p><a href=\"https:\/\/www.loom.com\/share\/853050cbdd974c56855b3c3e656b54ac\" target=\"_blank\" rel=\"noopener noreferrer\"><img loading=\"lazy\" decoding=\"async\" class=\"wp-image-3937 alignleft\" src=\"https:\/\/hispanolaval.com\/fr\/wp-content\/uploads\/2016\/10\/play_button.gif\" alt=\"\" width=\"42\" height=\"43\" \/><\/a>Video : <a href=\"https:\/\/www.loom.com\/share\/853050cbdd974c56855b3c3e656b54ac\">Como comprar en este sitio.<\/a><\/p>\n<p>Puede comprarlo en el acto durante una actividad o\u00a0<a href=\"http:\/\/hispanolaval.com\/fr\/devenir-membre\/\">para comprarlo por correo haga clic aqu\u00ed<\/a>\u00a0.<\/p>\n","protected":false},"featured_media":794,"template":"","meta":{"_monsterinsights_skip_tracking":false,"_monsterinsights_sitenote_active":false,"_monsterinsights_sitenote_note":"","_monsterinsights_sitenote_category":0},"class_list":["post-1828","product","type-product","status-publish","has-post-thumbnail","hentry","product_cat-tarjeta-de-miembro"],"_links":{"self":[{"href":"https:\/\/hispanolaval.com\/fr\/wp-json\/wp\/v2\/product\/1828","targetHints":{"allow":["GET"]}}],"collection":[{"href":"https:\/\/hispanolaval.com\/fr\/wp-json\/wp\/v2\/product"}],"about":[{"href":"https:\/\/hispanolaval.com\/fr\/wp-json\/wp\/v2\/types\/product"}],"wp:featuredmedia":[{"embeddable":true,"href":"https:\/\/hispanolaval.com\/fr\/wp-json\/wp\/v2\/media\/794"}],"wp:attachment":[{"href":"https:\/\/hispanolaval.com\/fr\/wp-json\/wp\/v2\/media?parent=1828"}],"curies":[{"name":"wp","href":"https:\/\/api.w.org\/{rel}","templated":true}]}}