{"id":2489,"date":"2018-11-18T18:11:28","date_gmt":"2018-11-18T18:11:28","guid":{"rendered":"https:\/\/hispanolaval.com\/fr\/?post_type=product&#038;p=2489"},"modified":"2024-10-26T05:12:53","modified_gmt":"2024-10-26T05:12:53","slug":"libros-en-espanol","status":"publish","type":"product","link":"https:\/\/hispanolaval.com\/fr\/shop\/libros-en-espanol\/","title":{"rendered":"Livres par AMAZON.CA &#8211; Libros en espa\u00f1ol &#8211; Livres en espagnol &#8211; Spanish Titles"},"content":{"rendered":"","protected":false},"excerpt":{"rendered":"<p>Ce lien vous am\u00e8ne a notre boutique associ\u00e9e chez amazon.ca.<br \/>\nUne commission sera pay\u00e9e \u00e0 l&#8217;Association Hispanophone de Laval mais votre prix sera le m\u00eame que si vous alliez directement chez amazon.<\/p>\n","protected":false},"featured_media":500,"template":"","meta":{"_monsterinsights_skip_tracking":false,"_monsterinsights_sitenote_active":false,"_monsterinsights_sitenote_note":"","_monsterinsights_sitenote_category":0},"class_list":["post-2489","product","type-product","status-publish","has-post-thumbnail","hentry","product_cat-non-classifiee-2"],"_links":{"self":[{"href":"https:\/\/hispanolaval.com\/fr\/wp-json\/wp\/v2\/product\/2489","targetHints":{"allow":["GET"]}}],"collection":[{"href":"https:\/\/hispanolaval.com\/fr\/wp-json\/wp\/v2\/product"}],"about":[{"href":"https:\/\/hispanolaval.com\/fr\/wp-json\/wp\/v2\/types\/product"}],"wp:featuredmedia":[{"embeddable":true,"href":"https:\/\/hispanolaval.com\/fr\/wp-json\/wp\/v2\/media\/500"}],"wp:attachment":[{"href":"https:\/\/hispanolaval.com\/fr\/wp-json\/wp\/v2\/media?parent=2489"}],"curies":[{"name":"wp","href":"https:\/\/api.w.org\/{rel}","templated":true}]}}