{"id":2791,"date":"2019-12-19T19:59:49","date_gmt":"2019-12-19T19:59:49","guid":{"rendered":"https:\/\/hispanolaval.com\/fr\/?post_type=product&#038;p=2791"},"modified":"2020-01-05T22:29:19","modified_gmt":"2020-01-05T22:29:19","slug":"cours-despagnol-niveau-4-avance2-classe","status":"publish","type":"product","link":"https:\/\/hispanolaval.com\/fr\/shop\/cours-despagnol-niveau-4-avance2-classe\/?lang=es","title":{"rendered":"Curso de espa\u00f1ol nivel 4 &#8211; Avanzado 2 en clase"},"content":{"rendered":"<h4 style=\"padding-left: 40px;\"><b>OBJETIVOS<\/b><\/h4>\n<p>La Asociaci\u00f3n ofrece un curso que nos distingue y nos caracteriza, al igual que lo hace desde hace<br \/>\nmucho tiempo el intercambio de los d\u00edas s\u00e1bado. Es un curso de espa\u00f1ol avanzado diferente de todo<br \/>\nlo que ofrecen las otras escuelas de la regi\u00f3n.<br \/>\nEste curso se propone reforzar las cuatro habilidades del idioma &#8211; comprensi\u00f3n auditiva, comprensi\u00f3n<br \/>\nlectora, expresi\u00f3n oral y expresi\u00f3n escrita. Todo eso con un \u00e9nfasis particular en la comunicaci\u00f3n<br \/>\noral.<br \/>\nOBJETIVOS<br \/>\nEste curso persigue los objetivos siguientes:<\/p>\n<p>1. Que el estudiante pueda estructurar y expresar sus ideas de manera espont\u00e1nea;<br \/>\n2. Mejorar la capacidad verbal y la elaboraci\u00f3n de argumentos en espa\u00f1ol;<br \/>\n3. Corregir los errores gramaticales, mejorar la conjugaci\u00f3n y el uso de tiempos de<br \/>\nverbos;<\/p>\n<p>Es necesario aclarar que, en este contexto, la gram\u00e1tica solo servir\u00e1 como marco de referencia para<br \/>\nayudar al estudiante en el desarrollo de su lenguaje oral. Y, que por esta raz\u00f3n, un s\u00f3lido<br \/>\nconocimiento y dominio de las reglas gramaticales y la conjugaci\u00f3n de verbos son requisitos para<br \/>\niniciar este curso. En este mismo orden de ideas y para optimizar los resultados, cada grupo estar\u00e1<br \/>\nintegrado por estudiantes de un nivel similar en cuanto al dominio del espa\u00f1ol.<\/p>\n<p>PRE-REQUISITOS<br \/>\nPara seguir este curso y obtener los resultados esperados, es necesario cumplir con los pre-<br \/>\nrequisitos siguientes:<\/p>\n<p>1. Nivel de comunicacion espa\u00f1ol intermedio<br \/>\n2. Un buen dominio de las reglas gramaticales ( la sintaxis y la sem\u00e1ntica) es necesario<br \/>\n3. Habilidad para expresar sus ideas oralmente y sostener una conversaci\u00f3n<\/p>\n<p>ESTRUCTURA<br \/>\nCada lecci\u00f3n consta de tres partes, \u00e9stas son:<\/p>\n<p>1. Revisi\u00f3n de teor\u00eda.<br \/>\n2. Discusi\u00f3n de un tema basado en un v\u00eddeo YouTube indicado por el profesor y<br \/>\npreviamente visualizado en casa.<br \/>\n3. Repaso de tareas hechas en casa.<\/p>\n<p>ACTIVIDADES<br \/>\nEl estudiante debera realizar en casa las siguientes actividades:<\/p>\n<p>1. Dedicar 5 horas de trabajo en casa, cada semana;<br \/>\n2. Prepararse para la discusi\u00f3n seg\u00fan el v\u00eddeo de la semana:<br \/>\na. Entrenamiento del o\u00eddo,<br \/>\nb. Comprensi\u00f3n y redacci\u00f3n de textos,<br \/>\n3. Los participantes deben preparar un resumen de 10 a 15 l\u00edneas y;<br \/>\n4. Establecer una lista de 3 a 5 palabras nuevas o interesantes, sus significados y usos<\/p>\n<p>EVALUACI\u00d3N<br \/>\nDada la naturaleza de este curso, no hay una evaluaci\u00f3n formal con resultados expresados en una<br \/>\nescala de valores tales como A, B, C, \u2026 Sin embargo el estudiante mismo, si as\u00ed lo desea, podr\u00e1<br \/>\nconversar con el profesor acerca de su avance personal.<\/p>\n<p>INFORMACI\u00d3N GENERAL<br \/>\nCosto del curso: 110$<br \/>\nNo es obligatorio comprar, ni un cuaderno de ejercicios, ni un libro de gram\u00e0tica.<\/p>\n<p>PROGRAMACI\u00d3N<br \/>\n\u25cf Habr\u00e1 10 lecciones de 2 horas cada una<br \/>\n\u25cf La clase tendr\u00e1 un m\u00e1ximo de 9 alumnos<\/p>\n<p><i><b><a href=\"\/fr?page_id=2911\">Haz la preinscripci\u00f3n en l\u00ednea<\/a>\u00a0<\/b><\/i><\/p>\n","protected":false},"excerpt":{"rendered":"<p dir=\"ltr\"><i>\u00bfEst\u00e1s buscando un curso avanzado para conversar?\u00a0 \u00bfQuieres dominar el uso del subjuntivo en el lenguaje hablado?\u00a0\u00a0<b>\u00bfNecesitas mejorar tu o\u00eddo? \u00a1Este curso es el desaf\u00edo que t\u00fa necesitas!<br \/>\n<\/b><\/i><br \/>\n<i><b><a href=\"https:\/\/hispanolaval.com\/fr\/booking-form\/\">Haz la preinscripci\u00f3n en l\u00ednea<\/a> abajo y pres\u00e9ntate a una evaluaci\u00f3n el d\u00eda s\u00e1bado 18 de enero 2020 a partir de las 11:00 am en la Asociation Hispanophone de Laval -Centre Saint-Joseph- 1450 Boulevard Pie-X, local 102, Laval.<br \/>\n<\/b><\/i><br \/>\n<i><b>\u00a1Te esperamos!<\/b><\/i><\/p>\n<p><i><b><a href=\"\/fr?page_id=2911\">Haz la preinscripci\u00f3n en l\u00ednea<\/a>\u00a0<\/b><\/i><\/p>\n","protected":false},"featured_media":2296,"template":"","meta":{"_monsterinsights_skip_tracking":false,"_monsterinsights_sitenote_active":false,"_monsterinsights_sitenote_note":"","_monsterinsights_sitenote_category":0},"class_list":["post-2791","product","type-product","status-publish","has-post-thumbnail","hentry","product_cat-courses-es"],"_links":{"self":[{"href":"https:\/\/hispanolaval.com\/fr\/wp-json\/wp\/v2\/product\/2791","targetHints":{"allow":["GET"]}}],"collection":[{"href":"https:\/\/hispanolaval.com\/fr\/wp-json\/wp\/v2\/product"}],"about":[{"href":"https:\/\/hispanolaval.com\/fr\/wp-json\/wp\/v2\/types\/product"}],"wp:featuredmedia":[{"embeddable":true,"href":"https:\/\/hispanolaval.com\/fr\/wp-json\/wp\/v2\/media\/2296"}],"wp:attachment":[{"href":"https:\/\/hispanolaval.com\/fr\/wp-json\/wp\/v2\/media?parent=2791"}],"curies":[{"name":"wp","href":"https:\/\/api.w.org\/{rel}","templated":true}]}}