{"id":3151,"date":"2020-08-29T19:29:21","date_gmt":"2020-08-29T19:29:21","guid":{"rendered":"https:\/\/hispanolaval.com\/fr\/?post_type=product&#038;p=3151"},"modified":"2020-11-12T13:55:46","modified_gmt":"2020-11-12T13:55:46","slug":"3-heures-en-espagnol-en-ligne-avec-clara","status":"publish","type":"product","link":"https:\/\/hispanolaval.com\/fr\/shop\/3-heures-en-espagnol-en-ligne-avec-clara\/","title":{"rendered":"Trois heures de conversation en espagnol en ligne avec Clara"},"content":{"rendered":"<p>Cette conversation aura pour but d&#8217;\u00e9tablir vos besoins et objectifs en conversation.<\/p>\n","protected":false},"excerpt":{"rendered":"<p>\u00cates-vous \u00e0 la recherche d\u2019un groupe pour pratiquer l\u2019espagnol? Vous avez eu des cours d\u2019espagnol, vous comprenez la langue, mais au moment d\u2019\u00e9changer dans une conversation fluide, il y a des blocages. Conversation en ligne, la meilleure fa\u00e7on de pratiquer autant que possible.<\/p>\n<p>Vous \u00eates invit\u00e9e \u00e0 trois conversation de une heure avec un interlocuteur hispano parlante.<\/p>\n<p>&nbsp;<\/p>\n","protected":false},"featured_media":3511,"template":"","meta":{"_monsterinsights_skip_tracking":false,"_monsterinsights_sitenote_active":false,"_monsterinsights_sitenote_note":"","_monsterinsights_sitenote_category":0},"class_list":["post-3151","product","type-product","status-publish","has-post-thumbnail","hentry","product_cat-ateliers"],"_links":{"self":[{"href":"https:\/\/hispanolaval.com\/fr\/wp-json\/wp\/v2\/product\/3151","targetHints":{"allow":["GET"]}}],"collection":[{"href":"https:\/\/hispanolaval.com\/fr\/wp-json\/wp\/v2\/product"}],"about":[{"href":"https:\/\/hispanolaval.com\/fr\/wp-json\/wp\/v2\/types\/product"}],"wp:featuredmedia":[{"embeddable":true,"href":"https:\/\/hispanolaval.com\/fr\/wp-json\/wp\/v2\/media\/3511"}],"wp:attachment":[{"href":"https:\/\/hispanolaval.com\/fr\/wp-json\/wp\/v2\/media?parent=3151"}],"curies":[{"name":"wp","href":"https:\/\/api.w.org\/{rel}","templated":true}]}}