{"id":3274,"date":"2020-09-28T17:05:18","date_gmt":"2020-09-28T17:05:18","guid":{"rendered":"https:\/\/hispanolaval.com\/fr\/?post_type=product&#038;p=3274"},"modified":"2025-09-13T00:03:53","modified_gmt":"2025-09-13T00:03:53","slug":"cours-niveau-1-distance","status":"publish","type":"product","link":"https:\/\/hispanolaval.com\/fr\/shop\/cours-niveau-1-distance\/","title":{"rendered":"Cours niveau 1 \u00e0 distance"},"content":{"rendered":"<h4><em>Ce cours D\u00c9BUTANT Niveau 1 en espagnol est une introduction \u00e0 la langue et \u00e0 la culture.<\/em><\/h4>\n<h4><em>Il s\u2019adresse aux \u00e9tudiants qui n\u2019ont jamais appris l\u2019espagnol ou dont les connaissances se limitent \u00e0 quelques mots seulement.<\/em><\/h4>\n<h4><em>Le cours est ax\u00e9 sur la conversation et les notions fondamentales n\u00e9cessaires pour s&#8217;exprimer en espagnol.<\/em><\/h4>\n<p>10 sessions<\/p>\n<h4><strong><em>S.V.P.\u00a0attendre que le cours soit confirm\u00e9\u00a0par courriel\u00a0avant d\u2019acheter\u00a0le manuel.<\/em><\/strong><\/h4>\n<h3><em>Manuel &#8220;Pensar y aprender&#8221; EST\u00a0requis.<\/em><\/h3>\n<p><span style=\"font-weight: 400;\">Le manuel ISBN: <a href=\"https:\/\/www.google.com\/search?sxsrf=ALeKk008M5I_Whxy1e9zMw0FJV5yvIXM9A%3A1604832983572&amp;ei=186nX5-9IuSi_Qb36LfQBQ&amp;q=9782921445207+&amp;oq=9782921445207+&amp;gs_lcp=CgZwc3ktYWIQAzIECCMQJ1CxHlixHmDXIGgDcAB4AIABqgOIAYAEkgEFMS40LTGYAQCgAQGqAQdnd3Mtd2l6wAEB&amp;sclient=psy-ab&amp;ved=0ahUKEwjfhKPf5PLsAhVkUd8KHXf0DVoQ4dUDCA0&amp;uact=5\" target=\"_blank\" rel=\"noopener noreferrer\">9782921445207<\/a> est disponible chez <\/span><span style=\"font-weight: 400;\"><br \/>\n<\/span><span style=\"font-weight: 400;\">Archambault 22.95 <\/span><span style=\"font-weight: 400;\">+ transport <a href=\"https:\/\/www.archambault.ca\/livres\/pensar-y-aprender-libro-1\/franco-esposito\/9782921445207\/?id=1027621\">Pensar y aprender libro 1<\/a><\/span> <span style=\"font-weight: 400;\"><br \/>\n<\/span><span style=\"font-weight: 400;\">Renaud Bray 22.95 + 6.99 ou 9.99 transport <\/span><a href=\"https:\/\/www.renaud-bray.com\/Livres_Produit.aspx?id=1027621&amp;def=Pensar+y+aprender+libro+1%2cESPOSITO%2c+FRANCO%2c9782921445207\"><span style=\"font-weight: 400;\">Pensar y aprender libro 1<\/span><span style=\"font-weight: 400;\"><br \/>\n<\/span><\/a><img loading=\"lazy\" decoding=\"async\" class=\"alignnone size-medium wp-image-3555\" src=\"https:\/\/hispanolaval.com\/fr\/wp-content\/uploads\/2020\/09\/pensar-y-aprender-libro-1-231x300.jpg\" alt=\"\" width=\"231\" height=\"300\" srcset=\"https:\/\/hispanolaval.com\/fr\/wp-content\/uploads\/2020\/09\/pensar-y-aprender-libro-1-231x300.jpg 231w, https:\/\/hispanolaval.com\/fr\/wp-content\/uploads\/2020\/09\/pensar-y-aprender-libro-1.jpg 424w\" sizes=\"auto, (max-width: 231px) 100vw, 231px\" \/><\/p>\n","protected":false},"excerpt":{"rendered":"<h6><strong><em>Le co\u00fbt du cours (190$)<\/em><\/strong><\/h6>\n<h6><\/h6>\n<h5><\/h5>\n","protected":false},"featured_media":4694,"template":"","meta":{"_monsterinsights_skip_tracking":false,"_monsterinsights_sitenote_active":false,"_monsterinsights_sitenote_note":"","_monsterinsights_sitenote_category":0},"class_list":["post-3274","product","type-product","status-publish","has-post-thumbnail","hentry","product_cat-courses"],"_links":{"self":[{"href":"https:\/\/hispanolaval.com\/fr\/wp-json\/wp\/v2\/product\/3274","targetHints":{"allow":["GET"]}}],"collection":[{"href":"https:\/\/hispanolaval.com\/fr\/wp-json\/wp\/v2\/product"}],"about":[{"href":"https:\/\/hispanolaval.com\/fr\/wp-json\/wp\/v2\/types\/product"}],"wp:featuredmedia":[{"embeddable":true,"href":"https:\/\/hispanolaval.com\/fr\/wp-json\/wp\/v2\/media\/4694"}],"wp:attachment":[{"href":"https:\/\/hispanolaval.com\/fr\/wp-json\/wp\/v2\/media?parent=3274"}],"curies":[{"name":"wp","href":"https:\/\/api.w.org\/{rel}","templated":true}]}}