{"id":3459,"date":"2020-09-28T17:11:12","date_gmt":"2020-09-28T17:11:12","guid":{"rendered":"https:\/\/hispanolaval.com\/fr\/shop\/cours-niveau-2-distance\/"},"modified":"2025-10-02T13:55:54","modified_gmt":"2025-10-02T13:55:54","slug":"cours-niveau-2-distance","status":"publish","type":"product","link":"https:\/\/hispanolaval.com\/fr\/shop\/cours-niveau-2-distance\/?lang=en","title":{"rendered":"Cours niveau 2 \u00e0 distance"},"content":{"rendered":"<p><em>Le cours de niveau 2\u00a0s&#8217;adresse \u00e0 tous ceux qui ont d\u00e9j\u00e0 particip\u00e9 au cours de niveau 1\u00a0en espagnol et qui sont d\u00e9sirent entreprendre\u00a0un niveau interm\u00e9diaire\u00a0en espagnol.<\/em><\/p>\n<p><strong><em><span style=\"font-size: 1em;\">S.V.P. attendre que le cours soit confirm\u00e9 par courriel avant d&#8217;acheter le manuel.<\/span><\/em><\/strong><\/p>\n<p><em><strong>Manuel \u00ab Pensar y aprender Libro 2 \u00bb et carte de membre sont requis.<\/strong><\/em><\/p>\n<p>Le manuel ISBN :\u00a0<a href=\"https:\/\/www.google.com\/search?q=9782921445160&amp;oq=9782921445160&amp;aqs=chrome..69i57j69i60.3502j0j4&amp;sourceid=chrome&amp;ie=UTF-8\" target=\"_blank\" rel=\"noopener noreferrer\">9782921445160 <\/a>\u00a0est disponible chez<br \/>\nArchambault 24.95 + transport <a href=\"https:\/\/www.archambault.ca\/books\/pensar-y-aprender-libro-2\/esposito-franco\/9782921445160\/?id=1081213&amp;cat=1887296\">Pensar y aprender libro 2<\/a><br \/>\nRenaud Bray 24.95 + transport <a href=\"https:\/\/www.renaud-bray.com\/Livres_Produit.aspx?id=1081213&amp;def=Pensar+y+aprender+Libro+2%2CESPOSITO%2C+FRANCO%2C9782921445160\">Pensar y aprender libro 2<\/a><\/p>\n<p><img loading=\"lazy\" decoding=\"async\" class=\"alignnone size-full wp-image-3881\" src=\"https:\/\/hispanolaval.com\/fr\/wp-content\/uploads\/2020\/09\/libro-2-1081213-gf.jpg\" alt=\"\" width=\"421\" height=\"550\" srcset=\"https:\/\/hispanolaval.com\/fr\/wp-content\/uploads\/2020\/09\/libro-2-1081213-gf.jpg 421w, https:\/\/hispanolaval.com\/fr\/wp-content\/uploads\/2020\/09\/libro-2-1081213-gf-230x300.jpg 230w\" sizes=\"auto, (max-width: 421px) 100vw, 421px\" \/><\/p>\n","protected":false},"excerpt":{"rendered":"<h6><strong><em>Le co\u00fbt du cours (190$).<\/em><\/strong><\/h6>\n<h6><strong><em>Choisissez le nombre de cours d\u00e9sir\u00e9s, ajoutez-les au panier puis passez \u00e0 la caisse.<\/em><\/strong><\/h6>\n","protected":false},"featured_media":4695,"template":"","meta":{"_monsterinsights_skip_tracking":false,"_monsterinsights_sitenote_active":false,"_monsterinsights_sitenote_note":"","_monsterinsights_sitenote_category":0},"class_list":["post-3459","product","type-product","status-publish","has-post-thumbnail","hentry","product_cat-cours"],"_links":{"self":[{"href":"https:\/\/hispanolaval.com\/fr\/wp-json\/wp\/v2\/product\/3459","targetHints":{"allow":["GET"]}}],"collection":[{"href":"https:\/\/hispanolaval.com\/fr\/wp-json\/wp\/v2\/product"}],"about":[{"href":"https:\/\/hispanolaval.com\/fr\/wp-json\/wp\/v2\/types\/product"}],"wp:featuredmedia":[{"embeddable":true,"href":"https:\/\/hispanolaval.com\/fr\/wp-json\/wp\/v2\/media\/4695"}],"wp:attachment":[{"href":"https:\/\/hispanolaval.com\/fr\/wp-json\/wp\/v2\/media?parent=3459"}],"curies":[{"name":"wp","href":"https:\/\/api.w.org\/{rel}","templated":true}]}}