{"id":3520,"date":"2020-11-01T12:03:49","date_gmt":"2020-11-01T12:03:49","guid":{"rendered":"https:\/\/hispanolaval.com\/fr\/?post_type=product&#038;p=3520"},"modified":"2020-11-01T12:03:49","modified_gmt":"2020-11-01T12:03:49","slug":"tarjeta-de-miembro-2021","status":"publish","type":"product","link":"https:\/\/hispanolaval.com\/fr\/shop\/tarjeta-de-miembro-2021\/?lang=es","title":{"rendered":"Tarjeta de miembro 2021"},"content":{"rendered":"<p>Recibir\u00e1 una tarjeta de membres\u00eda de la\u00a0<em>l\u2019association hispanophone de\u00a0<\/em><i>Laval<\/i>\u00a0 v\u00e1lida por 12 meses, de enero a diciembre del a\u00f1o en curso.<\/p>\n<p>Esto le permitir\u00e1 participar en diversas actividades de la asociaci\u00f3n.<\/p>\n<p>Si compra su tarjeta de membres\u00eda despu\u00e9s del 1 de agosto, recibir\u00e1s un descuento.<\/p>\n","protected":false},"excerpt":{"rendered":"<p>La tarjeta de membres\u00eda le da acceso a las actividades de la l\u2019Association Hispanophone de Laval por 12 meses.<\/p>\n<p>Puede comprarlo en el acto durante una actividad o\u00a0<a href=\"http:\/\/hispanolaval.com\/fr\/devenir-membre\/\">para comprarlo por correo haga clic aqu\u00ed<\/a>\u00a0.<\/p>\n","protected":false},"featured_media":794,"template":"","meta":{"_monsterinsights_skip_tracking":false,"_monsterinsights_sitenote_active":false,"_monsterinsights_sitenote_note":"","_monsterinsights_sitenote_category":0},"class_list":["post-3520","product","type-product","status-publish","has-post-thumbnail","hentry","product_cat-tarjeta-de-miembro"],"_links":{"self":[{"href":"https:\/\/hispanolaval.com\/fr\/wp-json\/wp\/v2\/product\/3520","targetHints":{"allow":["GET"]}}],"collection":[{"href":"https:\/\/hispanolaval.com\/fr\/wp-json\/wp\/v2\/product"}],"about":[{"href":"https:\/\/hispanolaval.com\/fr\/wp-json\/wp\/v2\/types\/product"}],"wp:featuredmedia":[{"embeddable":true,"href":"https:\/\/hispanolaval.com\/fr\/wp-json\/wp\/v2\/media\/794"}],"wp:attachment":[{"href":"https:\/\/hispanolaval.com\/fr\/wp-json\/wp\/v2\/media?parent=3520"}],"curies":[{"name":"wp","href":"https:\/\/api.w.org\/{rel}","templated":true}]}}