{"id":3595,"date":"2020-11-11T20:17:26","date_gmt":"2020-11-11T20:17:26","guid":{"rendered":"https:\/\/hispanolaval.com\/fr\/?post_type=product&#038;p=3595"},"modified":"2020-11-20T15:38:08","modified_gmt":"2020-11-20T15:38:08","slug":"une-heure-de-conversation-en-espagnol-en-ligne-groupe-de-sept-avec-clara","status":"publish","type":"product","link":"https:\/\/hispanolaval.com\/fr\/shop\/une-heure-de-conversation-en-espagnol-en-ligne-groupe-de-sept-avec-clara\/?lang=en","title":{"rendered":"Dix heures de conversation en espagnol en ligne en groupe de 7 avec Clara"},"content":{"rendered":"<p>Cette conversation aura pour but d&#8217;\u00e9tablir vos besoins et objectifs en conversation.<\/p>\n","protected":false},"excerpt":{"rendered":"<p>Les mardi 10 h 30<br \/>\n\u00cates-vous \u00e0 la recherche d\u2019un groupe pour pratiquer l\u2019espagnol? Vous avez eu des cours d\u2019espagnol, vous comprenez la langue, mais au moment d\u2019\u00e9changer dans une conversation fluide, il y a des blocages. La conversation en ligne, la meilleure fa\u00e7on de pratiquer au maximum.<\/p>\n<p>Conversation avec un interlocuteur hispano parlante.<\/p>\n<p>Formule : Petits groupes de 7 personnes, niveau interm\u00e9diaire 60 minutes Nous sommes l\u00e0 pour vous aider \u00e0 atteindre vos objectifs.<\/p>\n","protected":false},"featured_media":3512,"template":"","meta":{"_monsterinsights_skip_tracking":false,"_monsterinsights_sitenote_active":false,"_monsterinsights_sitenote_note":"","_monsterinsights_sitenote_category":0},"class_list":["post-3595","product","type-product","status-publish","has-post-thumbnail","hentry","product_cat-ateliers-en"],"_links":{"self":[{"href":"https:\/\/hispanolaval.com\/fr\/wp-json\/wp\/v2\/product\/3595","targetHints":{"allow":["GET"]}}],"collection":[{"href":"https:\/\/hispanolaval.com\/fr\/wp-json\/wp\/v2\/product"}],"about":[{"href":"https:\/\/hispanolaval.com\/fr\/wp-json\/wp\/v2\/types\/product"}],"wp:featuredmedia":[{"embeddable":true,"href":"https:\/\/hispanolaval.com\/fr\/wp-json\/wp\/v2\/media\/3512"}],"wp:attachment":[{"href":"https:\/\/hispanolaval.com\/fr\/wp-json\/wp\/v2\/media?parent=3595"}],"curies":[{"name":"wp","href":"https:\/\/api.w.org\/{rel}","templated":true}]}}