{"id":3630,"date":"2020-11-12T19:20:04","date_gmt":"2020-11-12T19:20:04","guid":{"rendered":"https:\/\/hispanolaval.com\/fr\/?post_type=product&#038;p=3630"},"modified":"2020-11-22T16:11:14","modified_gmt":"2020-11-22T16:11:14","slug":"pratique-de-francais-gratis","status":"publish","type":"product","link":"https:\/\/hispanolaval.com\/fr\/shop\/pratique-de-francais-gratis\/","title":{"rendered":"Pratique de fran\u00e7ais \u00e0 distance pour hispanophones &#8211; Gratuit"},"content":{"rendered":"<p><span style=\"font-weight: 400;\">Si tu es hispanophone et que tu cherches \u00e0 am\u00e9liorer ton fran\u00e7ais parl\u00e9, cet atelier est pour toi et te permettra de pratiquer la langue en petit groupe.\u00a0<\/span><\/p>\n<p><span style=\"font-weight: 400;\">Les cinq premi\u00e8res personnes \u00e0 entrer dans le salon seront prioris\u00e9es pour converser, par ailleurs les suivantes pourront assister et profiter de l\u2019\u00e9coute pour \u00e9duquer leur audition \u00e0 l\u2019accent du Qu\u00e9bec.<\/span><\/p>\n<p><span style=\"font-weight: 400;\">Tu auras l\u2019occasion de lire, d\u2019am\u00e9liorer ta prononciation et de t\u2019exprimer sur des sujets vari\u00e9s qui touchent la culture du Qu\u00e9bec.<\/span><\/p>\n<p><span style=\"font-weight: 400;\">\u00c0 l\u2019aide de textes choisis par la mod\u00e9ratrice de l\u2019atelier, Line Beaucage, tu en apprendras sur le pays, sa langue et ses habitants tout en pratiquant.<\/span><\/p>\n<p><span style=\"font-weight: 400;\">Ceci n\u2019est pas un cours de fran\u00e7ais ou de francisation mais plut\u00f4t un \u00e9change inter-culturel par lequel tu pourras am\u00e9liorer le fran\u00e7ais parl\u00e9 au Qu\u00e9bec.<\/span><\/p>\n<p><img loading=\"lazy\" decoding=\"async\" class=\"alignnone wp-image-3511\" src=\"https:\/\/hispanolaval.com\/fr\/wp-content\/uploads\/2020\/11\/AHL-intercambio-zoom-de-hoy-2020.10.10-frosted-zoom-1024x636.png\" alt=\"\" width=\"480\" height=\"298\" srcset=\"https:\/\/hispanolaval.com\/fr\/wp-content\/uploads\/2020\/11\/AHL-intercambio-zoom-de-hoy-2020.10.10-frosted-zoom-1024x636.png 1024w, https:\/\/hispanolaval.com\/fr\/wp-content\/uploads\/2020\/11\/AHL-intercambio-zoom-de-hoy-2020.10.10-frosted-zoom-300x186.png 300w, https:\/\/hispanolaval.com\/fr\/wp-content\/uploads\/2020\/11\/AHL-intercambio-zoom-de-hoy-2020.10.10-frosted-zoom-768x477.png 768w, https:\/\/hispanolaval.com\/fr\/wp-content\/uploads\/2020\/11\/AHL-intercambio-zoom-de-hoy-2020.10.10-frosted-zoom-600x373.png 600w, https:\/\/hispanolaval.com\/fr\/wp-content\/uploads\/2020\/11\/AHL-intercambio-zoom-de-hoy-2020.10.10-frosted-zoom.png 1477w\" sizes=\"auto, (max-width: 480px) 100vw, 480px\" \/><\/p>\n<p><span style=\"font-weight: 400;\">Nous avons h\u00e2te de te rencontrer.<\/span><\/p>\n<p>Vous pourrez inviter vos amis a nos conversations. Pourvu qu&#8217;ils s&#8217;inscrivent par ce produit.<\/p>\n","protected":false},"excerpt":{"rendered":"<p>\u00cates-vous \u00e0 la recherche d\u2019un groupe pour pratiquer le fran\u00e7ais? Vous avez eu des cours de fran\u00e7ais, vous comprenez la langue, mais au moment d\u2019\u00e9changer dans une conversation fluide, il y a des blocages. Conversation en ligne, la meilleure fa\u00e7on de pratiquer autant que possible.<\/p>\n<p>Vous \u00eates invit\u00e9 \u00e0 des conversations de une heure avec un interlocuteur fran\u00e7ais.<\/p>\n<p>Ce produit est totalement gratuit pour le temps du confinement. A la fin de la pand\u00e9mie, si vous d\u00e9sirez continuer, vous devrez acheter une carte de membre annuelle de 30$.<\/p>\n","protected":false},"featured_media":3635,"template":"","meta":{"_monsterinsights_skip_tracking":false,"_monsterinsights_sitenote_active":false,"_monsterinsights_sitenote_note":"","_monsterinsights_sitenote_category":0},"class_list":["post-3630","product","type-product","status-publish","has-post-thumbnail","hentry","product_cat-ateliers"],"_links":{"self":[{"href":"https:\/\/hispanolaval.com\/fr\/wp-json\/wp\/v2\/product\/3630","targetHints":{"allow":["GET"]}}],"collection":[{"href":"https:\/\/hispanolaval.com\/fr\/wp-json\/wp\/v2\/product"}],"about":[{"href":"https:\/\/hispanolaval.com\/fr\/wp-json\/wp\/v2\/types\/product"}],"wp:featuredmedia":[{"embeddable":true,"href":"https:\/\/hispanolaval.com\/fr\/wp-json\/wp\/v2\/media\/3635"}],"wp:attachment":[{"href":"https:\/\/hispanolaval.com\/fr\/wp-json\/wp\/v2\/media?parent=3630"}],"curies":[{"name":"wp","href":"https:\/\/api.w.org\/{rel}","templated":true}]}}