{"id":3632,"date":"2020-11-12T19:20:04","date_gmt":"2020-11-12T19:20:04","guid":{"rendered":"https:\/\/hispanolaval.com\/fr\/shop\/pratique-de-francais-gratis\/"},"modified":"2020-11-13T18:48:44","modified_gmt":"2020-11-13T18:48:44","slug":"pratique-de-francais-gratis","status":"publish","type":"product","link":"https:\/\/hispanolaval.com\/fr\/shop\/pratique-de-francais-gratis\/?lang=es","title":{"rendered":"Pratique de fran\u00e7ais \u00e0 distance &#8211; Gratuit"},"content":{"rendered":"<p>Vous pourrez inviter vos amis a nos conversations. Pourvu qu&#8217;ils s&#8217;inscrivent au pratiques.<\/p>\n","protected":false},"excerpt":{"rendered":"<p>\u00cates-vous \u00e0 la recherche d\u2019un groupe pour pratiquer le fran\u00e7ais? Vous avez eu des cours de fran\u00e7ais, vous comprenez la langue, mais au moment d\u2019\u00e9changer dans une conversation fluide, il y a des blocages. Conversation en ligne, la meilleure fa\u00e7on de pratiquer autant que possible.<\/p>\n<p>Vous \u00eates invit\u00e9e \u00e0 des conversations de une heure avec un interlocuteur fran\u00e7ais.<\/p>\n<p>Ce produit est totalement gratuit pour le temps du confinement. A la fin de la pand\u00e9mie, vous devrez acheter une carte de membre annuelle de 30$ pour continuer.<\/p>\n","protected":false},"featured_media":3637,"template":"","meta":{"_monsterinsights_skip_tracking":false,"_monsterinsights_sitenote_active":false,"_monsterinsights_sitenote_note":"","_monsterinsights_sitenote_category":0},"class_list":["post-3632","product","type-product","status-publish","has-post-thumbnail","hentry","product_cat-ateliers-es"],"_links":{"self":[{"href":"https:\/\/hispanolaval.com\/fr\/wp-json\/wp\/v2\/product\/3632","targetHints":{"allow":["GET"]}}],"collection":[{"href":"https:\/\/hispanolaval.com\/fr\/wp-json\/wp\/v2\/product"}],"about":[{"href":"https:\/\/hispanolaval.com\/fr\/wp-json\/wp\/v2\/types\/product"}],"wp:featuredmedia":[{"embeddable":true,"href":"https:\/\/hispanolaval.com\/fr\/wp-json\/wp\/v2\/media\/3637"}],"wp:attachment":[{"href":"https:\/\/hispanolaval.com\/fr\/wp-json\/wp\/v2\/media?parent=3632"}],"curies":[{"name":"wp","href":"https:\/\/api.w.org\/{rel}","templated":true}]}}