{"id":382,"date":"2016-10-21T08:59:49","date_gmt":"2016-10-21T08:59:49","guid":{"rendered":"http:\/\/hispanolaval.com\/fr\/?post_type=product&#038;p=382"},"modified":"2025-03-12T14:48:01","modified_gmt":"2025-03-12T14:48:01","slug":"cours-despagnol-niveau-1","status":"publish","type":"product","link":"https:\/\/hispanolaval.com\/fr\/shop\/cours-despagnol-niveau-1\/","title":{"rendered":"Cours d&#8217;espagnol niveau 1"},"content":{"rendered":"<p><span style=\"font-weight: 400;\">Ce cours D\u00c9BUTANT Niveau 1 en espagnol est une introduction \u00e0 la langue et \u00e0 la culture. <\/span><\/p>\n<p><span style=\"font-weight: 400;\">Il s\u2019adresse aux \u00e9tudiants qui n\u2019ont jamais appris l\u2019espagnol ou dont les connaissances se limitent \u00e0 quelques mots seulement. <\/span><\/p>\n<p><span style=\"font-weight: 400;\">Le cours est ax\u00e9 sur la conversation et les notions fondamentales n\u00e9cessaires pour s&#8217;exprimer en espagnol.<\/span><\/p>\n","protected":false},"excerpt":{"rendered":"<p>Cours d&#8217;espagnol pour d\u00e9butants.<\/p>\n<p>Manuel &#8220;Pensar y aprender&#8221; et carte de membre sont requis.<\/p>\n<p>Si vous avez d\u00e9j\u00e0 une carte de membre en vigueur et le manuel, vous pouvez passer \u00e0 la caisse.<\/p>\n","protected":false},"featured_media":4694,"template":"","meta":{"_monsterinsights_skip_tracking":false,"_monsterinsights_sitenote_active":false,"_monsterinsights_sitenote_note":"","_monsterinsights_sitenote_category":0},"class_list":["post-382","product","type-product","status-publish","has-post-thumbnail","hentry","product_cat-non-classifiee-2"],"_links":{"self":[{"href":"https:\/\/hispanolaval.com\/fr\/wp-json\/wp\/v2\/product\/382","targetHints":{"allow":["GET"]}}],"collection":[{"href":"https:\/\/hispanolaval.com\/fr\/wp-json\/wp\/v2\/product"}],"about":[{"href":"https:\/\/hispanolaval.com\/fr\/wp-json\/wp\/v2\/types\/product"}],"wp:featuredmedia":[{"embeddable":true,"href":"https:\/\/hispanolaval.com\/fr\/wp-json\/wp\/v2\/media\/4694"}],"wp:attachment":[{"href":"https:\/\/hispanolaval.com\/fr\/wp-json\/wp\/v2\/media?parent=382"}],"curies":[{"name":"wp","href":"https:\/\/api.w.org\/{rel}","templated":true}]}}