{"id":385,"date":"2016-10-21T09:13:56","date_gmt":"2016-10-21T09:13:56","guid":{"rendered":"http:\/\/hispanolaval.com\/fr\/?post_type=product&#038;p=385"},"modified":"2022-08-17T16:38:24","modified_gmt":"2022-08-17T16:38:24","slug":"cours-despagnol-niveau-3","status":"publish","type":"product","link":"https:\/\/hispanolaval.com\/fr\/shop\/cours-despagnol-niveau-3\/","title":{"rendered":"Cours d&#8217;espagnol niveau 3"},"content":{"rendered":"<p>Le cours de niveau 3\u00a0s&#8217;adresse \u00e0 tous ceux qui ont d\u00e9j\u00e0 particip\u00e9 au cours de niveau 1 et 2 en espagnol et qui sont d\u00e9sirent entreprendre\u00a0un niveau plus avanc\u00e9\u00a0en espagnol.<\/p>\n","protected":false},"excerpt":{"rendered":"<p>Le cours de niveau 3\u00a0s&#8217;adresse \u00e0 tous ceux qui ont d\u00e9j\u00e0 des notions en espagnol et qui sont d\u00e9sirent atteindre un niveau permettant\u00a0de s&#8217;exprimer oralement en espagnol.<\/p>\n<p>Manuel et carte de membre requise.<br \/>\nSi vous avez d\u00e9j\u00e0 une\u00a0carte de membre en vigueur et le manuel, vous pouvez passer \u00e0 la caisse.<\/p>\n","protected":false},"featured_media":0,"template":"","meta":{"_monsterinsights_skip_tracking":false,"_monsterinsights_sitenote_active":false,"_monsterinsights_sitenote_note":"","_monsterinsights_sitenote_category":0},"class_list":["post-385","product","type-product","status-publish","hentry","product_cat-non-classifiee-2"],"_links":{"self":[{"href":"https:\/\/hispanolaval.com\/fr\/wp-json\/wp\/v2\/product\/385","targetHints":{"allow":["GET"]}}],"collection":[{"href":"https:\/\/hispanolaval.com\/fr\/wp-json\/wp\/v2\/product"}],"about":[{"href":"https:\/\/hispanolaval.com\/fr\/wp-json\/wp\/v2\/types\/product"}],"wp:attachment":[{"href":"https:\/\/hispanolaval.com\/fr\/wp-json\/wp\/v2\/media?parent=385"}],"curies":[{"name":"wp","href":"https:\/\/api.w.org\/{rel}","templated":true}]}}