{"id":4755,"date":"2024-06-21T17:21:03","date_gmt":"2024-06-21T17:21:03","guid":{"rendered":"https:\/\/hispanolaval.com\/fr\/?post_type=product&#038;p=4755"},"modified":"2024-10-23T21:47:36","modified_gmt":"2024-10-23T21:47:36","slug":"billets-gala-30-anniversaire-2024","status":"publish","type":"product","link":"https:\/\/hispanolaval.com\/fr\/shop\/billets-gala-30-anniversaire-2024\/","title":{"rendered":"Billets : Gala 30 anniversaire de l&#8217;AHL 26 octobre 2024 \u00e0 16:00 (adultes seulement)"},"content":{"rendered":"<p><strong>Nous voulons que ce soit LA F\u00caTE !<\/strong><\/p>\n<p class=\"p1\">Nous avons le plaisir de vous inviter \u00e0 notre f\u00eate hispanique exceptionnelle qui aura lieu le <b>26 octobre 2024 \u00e0 16h00<\/b>.<\/p>\n<p class=\"p1\"><b>Adresse :<\/b><\/p>\n<p class=\"p1\">Pavillon du Bois-Papineau (Duvernay)<\/p>\n<p class=\"p1\">3235, boulevard Saint-Martin Est, Laval, H7E 5G8<\/p>\n<p class=\"p3\"><b>Programme de la soir\u00e9e :<\/b><\/p>\n<p class=\"p4\">\u2022<b>Orchestre:<\/b> Arena Latin Band<\/p>\n<p class=\"p4\">\u2022<b>Animation \/ DJ<\/b><\/p>\n<p class=\"p4\">\u2022<b>Danse<\/b><\/p>\n<p class=\"p4\">\u2022<b>Un d\u00e9licieux repas chaud<\/b><\/p>\n<p class=\"p4\">\u2022<b>Vente de boissons alcoolis\u00e9es<\/b><\/p>\n<p class=\"p3\"><b>Invit\u00e9s d\u2019Honneur :<\/b><\/p>\n<p class=\"p4\">\u2022Pr\u00e9sence des autorit\u00e9s locales, provinciales et \u00e9trang\u00e8res<\/p>\n<p class=\"p3\"><b>Informations suppl\u00e9mentaires :<\/b><\/p>\n<p class=\"p4\">\u2022Une belle soir\u00e9e festive vous attend.<\/p>\n<p class=\"p4\">\u2022<b>Nombre d\u2019entr\u00e9es limit\u00e9<\/b> par r\u00e8glement municipal.<\/p>\n<p class=\"p4\">\u2022<b>Tenue d\u00e9contract\u00e9e de ville requise.<\/b><\/p>\n<p class=\"p3\"><b>R\u00e9servation :<\/b><\/p>\n<p class=\"p4\">\u2022<b>R\u00e9servez votre place avant le 6 octobre 2024<\/b> et recevez un escompte de 10$.<\/p>\n<p class=\"p1\">Nous vous attendons nombreux pour c\u00e9l\u00e9brer ensemble cette f\u00eate exceptionnelle !<\/p>\n<p class=\"p3\"><b>Pour toute information<\/b><\/p>\n<p class=\"p4\">\u2022<b>Contact : info@hispanolaval.com <a title=\"Call us\" href=\"tel:+15144479984\"><img loading=\"lazy\" decoding=\"async\" src=\"http:\/\/hispanolaval.com\/fr\/wp-content\/uploads\/2016\/11\/smartphone-1557796_960_720.png\" alt=\"Call us\" width=\"42\" height=\"42\" \/>(514) 447-9984<\/a><\/b><\/p>\n","protected":false},"excerpt":{"rendered":"<p><strong>Gala 30 anniversaire de l&#8217;AHL<\/strong> 26 octobre 2024 \u00e0 16:00 <em>(adultes seulement)<\/em><\/p>\n<p class=\"p1\">Au Pavillon du Bois-Papineau (Duvernay) 3235, boulevard Saint-Martin Est, Laval, H7E 5G8<\/p>\n<p class=\"p3\"><b>Programme de la soir\u00e9e :<\/b><\/p>\n<ul>\n<li class=\"p3\"><b>Orchestre:<\/b> Arena Latin Band<\/li>\n<li class=\"p4\"><b>Animation \/ DJ<\/b><\/li>\n<li class=\"p4\"><b>Danse<\/b><\/li>\n<li class=\"p4\"><b>Un d\u00e9licieux repas chaud<\/b><\/li>\n<li class=\"p4\"><b>Vente de boissons alcoolis\u00e9es<\/b><\/li>\n<li class=\"p3\"><b>Invit\u00e9s d\u2019Honneur<\/b><\/li>\n<\/ul>\n","protected":false},"featured_media":4897,"template":"","meta":{"_monsterinsights_skip_tracking":false,"_monsterinsights_sitenote_active":false,"_monsterinsights_sitenote_note":"","_monsterinsights_sitenote_category":0},"class_list":["post-4755","product","type-product","status-publish","has-post-thumbnail","hentry","product_cat-show"],"_links":{"self":[{"href":"https:\/\/hispanolaval.com\/fr\/wp-json\/wp\/v2\/product\/4755","targetHints":{"allow":["GET"]}}],"collection":[{"href":"https:\/\/hispanolaval.com\/fr\/wp-json\/wp\/v2\/product"}],"about":[{"href":"https:\/\/hispanolaval.com\/fr\/wp-json\/wp\/v2\/types\/product"}],"wp:featuredmedia":[{"embeddable":true,"href":"https:\/\/hispanolaval.com\/fr\/wp-json\/wp\/v2\/media\/4897"}],"wp:attachment":[{"href":"https:\/\/hispanolaval.com\/fr\/wp-json\/wp\/v2\/media?parent=4755"}],"curies":[{"name":"wp","href":"https:\/\/api.w.org\/{rel}","templated":true}]}}