{"id":8,"date":"2016-10-20T15:37:48","date_gmt":"2016-10-20T15:37:48","guid":{"rendered":"http:\/\/hispanolaval.com\/fr\/?post_type=product&#038;p=8"},"modified":"2025-09-12T23:48:46","modified_gmt":"2025-09-12T23:48:46","slug":"carte-de-membre","status":"publish","type":"product","link":"https:\/\/hispanolaval.com\/fr\/shop\/carte-de-membre\/","title":{"rendered":"Carte de membre 2025"},"content":{"rendered":"<h3 style=\"text-align: center;\"><strong>Vous recevrez une carte de membre de <em>l&#8217;association hispanophone de\u00a0<\/em><i>Laval<\/i> valide pour 12 mois, soit de janvier \u00e0 d\u00e9cembre.<\/strong><\/h3>\n<h4><em>Celle-ci vous permettra de participer aux diverses activit\u00e9s de l&#8217;association.<\/em><\/h4>\n<h4><em><span style=\"font-size: 1em;\">Si vous achetez votre carte de membre entre le <strong>1 ao\u00fbt et le 31 octobre<\/strong>, vous recevrez automatiquement une r\u00e9duction sur la carte de membre pour l&#8217;ann\u00e9e en cours. <\/span><\/em><\/h4>\n<h4><em>Si vous achetez la carte de membre <strong>apr\u00e8s le 1 novembre<\/strong> vous recevrez 14 mois acc\u00e8s aux services, donc elle sera imm\u00e9diatement activ\u00e9e et s&#8217;appliquera \u00e0 l&#8217;ann\u00e9e suivante en entier.<\/em><\/h4>\n","protected":false},"excerpt":{"rendered":"<hr \/>\n<h4 style=\"text-align: center;\"><em><strong>Cette carte de membre vous donne acc\u00e8s aux activit\u00e9s de l&#8217;Association Hispanophone de Laval pour 12 mois, janvier \u00e0 d\u00e9cembre.<\/strong><\/em><\/h4>\n<p><a href=\"https:\/\/www.loom.com\/share\/853050cbdd974c56855b3c3e656b54ac\" target=\"_blank\" rel=\"noopener noreferrer\"><img loading=\"lazy\" decoding=\"async\" class=\"wp-image-3937 alignleft\" src=\"https:\/\/hispanolaval.com\/fr\/wp-content\/uploads\/2016\/10\/play_button.gif\" alt=\"\" width=\"42\" height=\"43\" \/><\/a>Video : <a href=\"https:\/\/www.loom.com\/share\/853050cbdd974c56855b3c3e656b54ac\">Comment renouveller et payer en ligne.<\/a><\/p>\n<p>&nbsp;<\/p>\n<p>Vous pouvez aussi l&#8217;acheter sur place lors d&#8217;une activit\u00e9 ou <a href=\"https:\/\/drive.google.com\/file\/d\/1KeTxfmJ7qw-8DLMjRfGpWLbL7DZ0Z7GQ\/view?usp=sharing\">cliquer ce lien pour l&#8217;acheter par la poste<\/a>.<\/p>\n","protected":false},"featured_media":381,"template":"","meta":{"_monsterinsights_skip_tracking":false,"_monsterinsights_sitenote_active":false,"_monsterinsights_sitenote_note":"","_monsterinsights_sitenote_category":0},"class_list":["post-8","product","type-product","status-publish","has-post-thumbnail","hentry","product_cat-cartes"],"_links":{"self":[{"href":"https:\/\/hispanolaval.com\/fr\/wp-json\/wp\/v2\/product\/8","targetHints":{"allow":["GET"]}}],"collection":[{"href":"https:\/\/hispanolaval.com\/fr\/wp-json\/wp\/v2\/product"}],"about":[{"href":"https:\/\/hispanolaval.com\/fr\/wp-json\/wp\/v2\/types\/product"}],"wp:featuredmedia":[{"embeddable":true,"href":"https:\/\/hispanolaval.com\/fr\/wp-json\/wp\/v2\/media\/381"}],"wp:attachment":[{"href":"https:\/\/hispanolaval.com\/fr\/wp-json\/wp\/v2\/media?parent=8"}],"curies":[{"name":"wp","href":"https:\/\/api.w.org\/{rel}","templated":true}]}}